{"id":15450,"date":"2022-04-18T03:48:43","date_gmt":"2022-04-18T08:48:43","guid":{"rendered":"https:\/\/feeltourismexperiences.com\/preguntas-frecuentes\/"},"modified":"2025-09-24T09:28:17","modified_gmt":"2025-09-24T14:28:17","slug":"preguntas-frecuentes","status":"publish","type":"page","link":"https:\/\/feeltourismexperiences.com\/es\/preguntas-frecuentes\/","title":{"rendered":"PREGUNTAS FRECUENTES"},"content":{"rendered":"\t\t<div data-elementor-type=\"wp-page\" data-elementor-id=\"15450\" class=\"elementor elementor-15450 elementor-843\">\n\t\t\t\t<div class=\"elementor-element elementor-element-8bb2173 e-flex e-con-boxed e-con e-parent\" data-id=\"8bb2173\" data-element_type=\"container\" data-e-type=\"container\">\n\t\t\t\t\t<div class=\"e-con-inner\">\n\t\t\t\t<div class=\"elementor-element elementor-element-00fa535 elementor-widget elementor-widget-heading\" data-id=\"00fa535\" data-element_type=\"widget\" data-e-type=\"widget\" data-widget_type=\"heading.default\">\n\t\t\t\t<div class=\"elementor-widget-container\">\n\t\t\t\t\t<h2 class=\"elementor-heading-title elementor-size-default\">Preguntas m\u00e1s frecuentes<\/h2>\t\t\t\t<\/div>\n\t\t\t\t<\/div>\n\t\t\t\t\t<\/div>\n\t\t\t\t<\/div>\n\t\t\t\t<section class=\"elementor-section elementor-inner-section elementor-element elementor-element-16f68bb elementor-section-boxed elementor-section-height-default elementor-section-height-default\" data-id=\"16f68bb\" data-element_type=\"section\" data-e-type=\"section\">\n\t\t\t\t\t\t<div class=\"elementor-container elementor-column-gap-default\">\n\t\t\t\t\t<div class=\"elementor-column elementor-col-50 elementor-inner-column elementor-element elementor-element-7ed3330b\" data-id=\"7ed3330b\" data-element_type=\"column\" data-e-type=\"column\">\n\t\t\t<div class=\"elementor-widget-wrap elementor-element-populated\">\n\t\t\t\t\t\t<div class=\"elementor-element elementor-element-51814d95 elementor-widget elementor-widget-st_faq\" data-id=\"51814d95\" data-element_type=\"widget\" data-e-type=\"widget\" data-widget_type=\"st_faq.default\">\n\t\t\t\t<div class=\"elementor-widget-container\">\n\t\t\t\t\t<div class=\"accordion faq style1\" id=\"accordion_es-colombia-un-pa\u00eds-seguro-para-viajar\">\r\n    <div class=\"accordion-item\">\r\n        <h2 class=\"accordion-header\" id=\"heading_es-colombia-un-pa\u00eds-seguro-para-viajar\">\r\n            <button class=\"accordion-button   \"\r\n                type=\"button\"\r\n                data-bs-toggle=\"collapse\"\r\n                data-bs-target=\"#st-es-colombia-un-pa\u00eds-seguro-para-viajar\"\r\n                aria-expanded=\"true\"\r\n                aria-controls=\"es-colombia-un-pa\u00eds-seguro-para-viajar\"\r\n            >\r\n                \u00bfEs Colombia un pa\u00eds seguro para viajar?            <\/button>\r\n        <\/h2>\r\n        <div id=\"st-es-colombia-un-pa\u00eds-seguro-para-viajar\" class=\"accordion-collapse collapse show\"\r\n            aria-labelledby=\"heading_es-colombia-un-pa\u00eds-seguro-para-viajar\"\r\n            data-bs-parent=\"#accordion_es-colombia-un-pa\u00eds-seguro-para-viajar\"\r\n        >\r\n            <div class=\"accordion-body\">\r\n                S\u00ed, Colombia es un pa\u00eds seguro para viajar. Ha avanzado significativamente en su transformaci\u00f3n social y seguridad, lo que lo convierte en un destino ideal para todo tipo de viajeros: desde aventureros solitarios hasta parejas, familias y grupos grandes.\nEl pa\u00eds cuenta con infraestructura moderna y una estabilidad pol\u00edtica que han impulsado su crecimiento como uno de los principales destinos tur\u00edsticos del mundo. \nAdem\u00e1s, en Feel Tourism Experiences, minimizamos cualquier riesgo mediante una estricta selecci\u00f3n de proveedores, comunidades y lugares para garantizar que disfrutes de una experiencia sin preocupaciones.            <\/div>\r\n        <\/div>\r\n    <\/div>\r\n<\/div>\r\n\t\t\t\t<\/div>\n\t\t\t\t<\/div>\n\t\t\t\t<div class=\"elementor-element elementor-element-2a30987b elementor-widget elementor-widget-st_faq\" data-id=\"2a30987b\" data-element_type=\"widget\" data-e-type=\"widget\" data-widget_type=\"st_faq.default\">\n\t\t\t\t<div class=\"elementor-widget-container\">\n\t\t\t\t\t<div class=\"accordion faq style1\" id=\"accordion_c\u00f3mo-aseguran-que-las-experiencias-ofrecidas-sean-de-la-m\u00e1s-alta-calidad\">\r\n    <div class=\"accordion-item\">\r\n        <h2 class=\"accordion-header\" id=\"heading_c\u00f3mo-aseguran-que-las-experiencias-ofrecidas-sean-de-la-m\u00e1s-alta-calidad\">\r\n            <button class=\"accordion-button   collapsed\"\r\n                type=\"button\"\r\n                data-bs-toggle=\"collapse\"\r\n                data-bs-target=\"#st-c\u00f3mo-aseguran-que-las-experiencias-ofrecidas-sean-de-la-m\u00e1s-alta-calidad\"\r\n                aria-expanded=\"false\"\r\n                aria-controls=\"c\u00f3mo-aseguran-que-las-experiencias-ofrecidas-sean-de-la-m\u00e1s-alta-calidad\"\r\n            >\r\n                \u00bfC\u00f3mo aseguran que las experiencias ofrecidas sean de la m\u00e1s alta calidad?            <\/button>\r\n        <\/h2>\r\n        <div id=\"st-c\u00f3mo-aseguran-que-las-experiencias-ofrecidas-sean-de-la-m\u00e1s-alta-calidad\" class=\"accordion-collapse collapse \"\r\n            aria-labelledby=\"heading_c\u00f3mo-aseguran-que-las-experiencias-ofrecidas-sean-de-la-m\u00e1s-alta-calidad\"\r\n            data-bs-parent=\"#accordion_c\u00f3mo-aseguran-que-las-experiencias-ofrecidas-sean-de-la-m\u00e1s-alta-calidad\"\r\n        >\r\n            <div class=\"accordion-body\">\r\n                Cada experiencia que ofrecemos pasa por un exhaustivo proceso de curadur\u00eda. Trabajamos con los mejores proveedores, comunidades y servicios locales, seleccionados cuidadosamente por su compromiso con la excelencia. \nAdem\u00e1s, evaluamos y probamos constantemente cada servicio para asegurarnos de mantener el m\u00e1s alto nivel de calidad con el paso del tiempo. \nOfrecemos atenci\u00f3n en ingl\u00e9s y espa\u00f1ol y un equipo dedicado 24\/7 para garantizar que cada detalle est\u00e9 adaptado a tus necesidades, ya sea que viajes por romance, salud, vacaciones, deporte, con familia, pareja, o grupo grande.            <\/div>\r\n        <\/div>\r\n    <\/div>\r\n<\/div>\r\n\t\t\t\t<\/div>\n\t\t\t\t<\/div>\n\t\t\t\t<div class=\"elementor-element elementor-element-b672ac0 elementor-widget elementor-widget-st_faq\" data-id=\"b672ac0\" data-element_type=\"widget\" data-e-type=\"widget\" data-widget_type=\"st_faq.default\">\n\t\t\t\t<div class=\"elementor-widget-container\">\n\t\t\t\t\t<div class=\"accordion faq style1\" id=\"accordion_puedo-personalizar-mi-viaje-y-las-experiencias-que-quiero-tener\">\r\n    <div class=\"accordion-item\">\r\n        <h2 class=\"accordion-header\" id=\"heading_puedo-personalizar-mi-viaje-y-las-experiencias-que-quiero-tener\">\r\n            <button class=\"accordion-button   collapsed\"\r\n                type=\"button\"\r\n                data-bs-toggle=\"collapse\"\r\n                data-bs-target=\"#st-puedo-personalizar-mi-viaje-y-las-experiencias-que-quiero-tener\"\r\n                aria-expanded=\"false\"\r\n                aria-controls=\"puedo-personalizar-mi-viaje-y-las-experiencias-que-quiero-tener\"\r\n            >\r\n                \u00bfPuedo personalizar mi viaje y las experiencias que quiero tener?            <\/button>\r\n        <\/h2>\r\n        <div id=\"st-puedo-personalizar-mi-viaje-y-las-experiencias-que-quiero-tener\" class=\"accordion-collapse collapse \"\r\n            aria-labelledby=\"heading_puedo-personalizar-mi-viaje-y-las-experiencias-que-quiero-tener\"\r\n            data-bs-parent=\"#accordion_puedo-personalizar-mi-viaje-y-las-experiencias-que-quiero-tener\"\r\n        >\r\n            <div class=\"accordion-body\">\r\n                S\u00ed, puedes personalizar hasta el 100% de los detalles de tu viaje. \nSi bien ofrecemos experiencias pre-organizadas con un alto nivel de atenci\u00f3n al detalle, entendemos que cada viajero es \u00fanico. Por ello, si deseas, puedes coordinar cada aspecto de tu itinerario con un experto asignado exclusivamente para ti, asegur\u00e1ndote de que tu viaje refleje exactamente lo que quieres vivir.            <\/div>\r\n        <\/div>\r\n    <\/div>\r\n<\/div>\r\n\t\t\t\t<\/div>\n\t\t\t\t<\/div>\n\t\t\t\t<div class=\"elementor-element elementor-element-76efa315 elementor-widget elementor-widget-st_faq\" data-id=\"76efa315\" data-element_type=\"widget\" data-e-type=\"widget\" data-widget_type=\"st_faq.default\">\n\t\t\t\t<div class=\"elementor-widget-container\">\n\t\t\t\t\t<div class=\"accordion faq style1\" id=\"accordion_puedo-hacer-cambios-de-\u00faltima-hora-o-durante-mi-viaje\">\r\n    <div class=\"accordion-item\">\r\n        <h2 class=\"accordion-header\" id=\"heading_puedo-hacer-cambios-de-\u00faltima-hora-o-durante-mi-viaje\">\r\n            <button class=\"accordion-button   collapsed\"\r\n                type=\"button\"\r\n                data-bs-toggle=\"collapse\"\r\n                data-bs-target=\"#st-puedo-hacer-cambios-de-\u00faltima-hora-o-durante-mi-viaje\"\r\n                aria-expanded=\"false\"\r\n                aria-controls=\"puedo-hacer-cambios-de-\u00faltima-hora-o-durante-mi-viaje\"\r\n            >\r\n                \u00bfPuedo  hacer cambios de \u00faltima hora o  durante mi viaje?            <\/button>\r\n        <\/h2>\r\n        <div id=\"st-puedo-hacer-cambios-de-\u00faltima-hora-o-durante-mi-viaje\" class=\"accordion-collapse collapse \"\r\n            aria-labelledby=\"heading_puedo-hacer-cambios-de-\u00faltima-hora-o-durante-mi-viaje\"\r\n            data-bs-parent=\"#accordion_puedo-hacer-cambios-de-\u00faltima-hora-o-durante-mi-viaje\"\r\n        >\r\n            <div class=\"accordion-body\">\r\n                S\u00ed, una de nuestras mayores ventajas es la flexibilidad y adaptabilidad. \nEntendemos que pueden surgir imprevistos o nuevos deseos durante tu viaje. Nuestro equipo estar\u00e1 disponible en todo momento para ayudarte a hacer ajustes de \u00faltima hora y ofrecerte alternativas que mantengan la calidad y exclusividad de tu experiencia.            <\/div>\r\n        <\/div>\r\n    <\/div>\r\n<\/div>\r\n\t\t\t\t<\/div>\n\t\t\t\t<\/div>\n\t\t\t\t<div class=\"elementor-element elementor-element-e18879d elementor-widget elementor-widget-st_faq\" data-id=\"e18879d\" data-element_type=\"widget\" data-e-type=\"widget\" data-widget_type=\"st_faq.default\">\n\t\t\t\t<div class=\"elementor-widget-container\">\n\t\t\t\t\t<div class=\"accordion faq style1\" id=\"accordion_qu\u00e9-opciones-de-pago-flexibles-y-seguras-ofrecen\">\r\n    <div class=\"accordion-item\">\r\n        <h2 class=\"accordion-header\" id=\"heading_qu\u00e9-opciones-de-pago-flexibles-y-seguras-ofrecen\">\r\n            <button class=\"accordion-button   collapsed\"\r\n                type=\"button\"\r\n                data-bs-toggle=\"collapse\"\r\n                data-bs-target=\"#st-qu\u00e9-opciones-de-pago-flexibles-y-seguras-ofrecen\"\r\n                aria-expanded=\"false\"\r\n                aria-controls=\"qu\u00e9-opciones-de-pago-flexibles-y-seguras-ofrecen\"\r\n            >\r\n                \u00bfQu\u00e9 opciones de pago flexibles y seguras ofrecen?            <\/button>\r\n        <\/h2>\r\n        <div id=\"st-qu\u00e9-opciones-de-pago-flexibles-y-seguras-ofrecen\" class=\"accordion-collapse collapse \"\r\n            aria-labelledby=\"heading_qu\u00e9-opciones-de-pago-flexibles-y-seguras-ofrecen\"\r\n            data-bs-parent=\"#accordion_qu\u00e9-opciones-de-pago-flexibles-y-seguras-ofrecen\"\r\n        >\r\n            <div class=\"accordion-body\">\r\n                Ofrecemos m\u00faltiples m\u00e9todos de pago, en la moneda que prefieras, para garantizar tu comodidad. Si en nuestra plataforma no encuentras tu m\u00e9todo preferido, no dudes en contactarnos.\n Nuestro equipo estar\u00e1 encantado de ofrecerte una soluci\u00f3n personalizada para el pago, manteniendo siempre la seguridad y confidencialidad en cada transacci\u00f3n.            <\/div>\r\n        <\/div>\r\n    <\/div>\r\n<\/div>\r\n\t\t\t\t<\/div>\n\t\t\t\t<\/div>\n\t\t\t\t\t<\/div>\n\t\t<\/div>\n\t\t\t\t<div class=\"elementor-column elementor-col-50 elementor-inner-column elementor-element elementor-element-6da7a48b\" data-id=\"6da7a48b\" data-element_type=\"column\" data-e-type=\"column\">\n\t\t\t<div class=\"elementor-widget-wrap elementor-element-populated\">\n\t\t\t\t\t\t<div class=\"elementor-element elementor-element-3c081cee elementor-widget elementor-widget-st_faq\" data-id=\"3c081cee\" data-element_type=\"widget\" data-e-type=\"widget\" data-widget_type=\"st_faq.default\">\n\t\t\t\t<div class=\"elementor-widget-container\">\n\t\t\t\t\t<div class=\"accordion faq style1\" id=\"accordion_qu\u00e9-sucede-si-tengo-inconvenientes-antes-o-durante-mi-viaje\">\r\n    <div class=\"accordion-item\">\r\n        <h2 class=\"accordion-header\" id=\"heading_qu\u00e9-sucede-si-tengo-inconvenientes-antes-o-durante-mi-viaje\">\r\n            <button class=\"accordion-button   \"\r\n                type=\"button\"\r\n                data-bs-toggle=\"collapse\"\r\n                data-bs-target=\"#st-qu\u00e9-sucede-si-tengo-inconvenientes-antes-o-durante-mi-viaje\"\r\n                aria-expanded=\"true\"\r\n                aria-controls=\"qu\u00e9-sucede-si-tengo-inconvenientes-antes-o-durante-mi-viaje\"\r\n            >\r\n                \u00bfQu\u00e9 sucede si tengo inconvenientes antes o durante mi viaje?            <\/button>\r\n        <\/h2>\r\n        <div id=\"st-qu\u00e9-sucede-si-tengo-inconvenientes-antes-o-durante-mi-viaje\" class=\"accordion-collapse collapse show\"\r\n            aria-labelledby=\"heading_qu\u00e9-sucede-si-tengo-inconvenientes-antes-o-durante-mi-viaje\"\r\n            data-bs-parent=\"#accordion_qu\u00e9-sucede-si-tengo-inconvenientes-antes-o-durante-mi-viaje\"\r\n        >\r\n            <div class=\"accordion-body\">\r\n                En Feel Tourism Experiences, contamos con un equipo de atenci\u00f3n totalmente dedicado y disponible 24\/7 para resolver cualquier inconveniente que puedas tener antes o durante tu viaje. Nos aseguramos de acompa\u00f1arte en cada paso, proporcionando soluciones r\u00e1pidas y efectivas para que nada interfiera con tu experiencia.            <\/div>\r\n        <\/div>\r\n    <\/div>\r\n<\/div>\r\n\t\t\t\t<\/div>\n\t\t\t\t<\/div>\n\t\t\t\t<div class=\"elementor-element elementor-element-cfe8e5c elementor-widget elementor-widget-st_faq\" data-id=\"cfe8e5c\" data-element_type=\"widget\" data-e-type=\"widget\" data-widget_type=\"st_faq.default\">\n\t\t\t\t<div class=\"elementor-widget-container\">\n\t\t\t\t\t<div class=\"accordion faq style1\" id=\"accordion_cu\u00e1l-es-la-mejor-\u00e9poca-del-a\u00f1o-para-viajar-a-colombia\">\r\n    <div class=\"accordion-item\">\r\n        <h2 class=\"accordion-header\" id=\"heading_cu\u00e1l-es-la-mejor-\u00e9poca-del-a\u00f1o-para-viajar-a-colombia\">\r\n            <button class=\"accordion-button   collapsed\"\r\n                type=\"button\"\r\n                data-bs-toggle=\"collapse\"\r\n                data-bs-target=\"#st-cu\u00e1l-es-la-mejor-\u00e9poca-del-a\u00f1o-para-viajar-a-colombia\"\r\n                aria-expanded=\"false\"\r\n                aria-controls=\"cu\u00e1l-es-la-mejor-\u00e9poca-del-a\u00f1o-para-viajar-a-colombia\"\r\n            >\r\n                \u00bfCu\u00e1l es la mejor \u00e9poca del a\u00f1o para viajar a Colombia?            <\/button>\r\n        <\/h2>\r\n        <div id=\"st-cu\u00e1l-es-la-mejor-\u00e9poca-del-a\u00f1o-para-viajar-a-colombia\" class=\"accordion-collapse collapse \"\r\n            aria-labelledby=\"heading_cu\u00e1l-es-la-mejor-\u00e9poca-del-a\u00f1o-para-viajar-a-colombia\"\r\n            data-bs-parent=\"#accordion_cu\u00e1l-es-la-mejor-\u00e9poca-del-a\u00f1o-para-viajar-a-colombia\"\r\n        >\r\n            <div class=\"accordion-body\">\r\n                Colombia cuenta con un clima privilegiado durante todo el a\u00f1o, gracias a su ubicaci\u00f3n geogr\u00e1fica. Esto permite una variedad de experiencias, desde climas c\u00e1lidos en la costa hasta climas m\u00e1s frescos en las monta\u00f1as, todo dentro de un mismo pa\u00eds. Sin embargo, te ofrecemos algunas sugerencias seg\u00fan las principales ciudades:\nMedell\u00edn: Conocida como la &quot;Ciudad de la Eterna Primavera&quot;, Medell\u00edn ofrece un clima templado todo el a\u00f1o, ideal para visitarla en cualquier momento.\nBogot\u00e1: La capital tiene un clima fresco y seco. Los meses de diciembre a marzo suelen ser los m\u00e1s soleados.\nEje Cafetero: Marzo a mayo y septiembre a noviembre son ideales para disfrutar del clima moderado y las impresionantes vistas de las monta\u00f1as.\nCartagena y Santa Marta: Estas ciudades costeras son perfectas para visitar entre diciembre y abril, cuando el clima es m\u00e1s seco y c\u00e1lido.\nSan Andr\u00e9s: Para disfrutar de este para\u00edso en el Caribe, los meses de diciembre a mayo son los mejores, con temperaturas c\u00e1lidas y poca lluvia.            <\/div>\r\n        <\/div>\r\n    <\/div>\r\n<\/div>\r\n\t\t\t\t<\/div>\n\t\t\t\t<\/div>\n\t\t\t\t<div class=\"elementor-element elementor-element-522e6867 elementor-widget elementor-widget-st_faq\" data-id=\"522e6867\" data-element_type=\"widget\" data-e-type=\"widget\" data-widget_type=\"st_faq.default\">\n\t\t\t\t<div class=\"elementor-widget-container\">\n\t\t\t\t\t<div class=\"accordion faq style1\" id=\"accordion_qu\u00e9-diferencia-a-feel-tourism-experiences-de-otras-agencias-de-viajes-de-lujo\">\r\n    <div class=\"accordion-item\">\r\n        <h2 class=\"accordion-header\" id=\"heading_qu\u00e9-diferencia-a-feel-tourism-experiences-de-otras-agencias-de-viajes-de-lujo\">\r\n            <button class=\"accordion-button   collapsed\"\r\n                type=\"button\"\r\n                data-bs-toggle=\"collapse\"\r\n                data-bs-target=\"#st-qu\u00e9-diferencia-a-feel-tourism-experiences-de-otras-agencias-de-viajes-de-lujo\"\r\n                aria-expanded=\"false\"\r\n                aria-controls=\"qu\u00e9-diferencia-a-feel-tourism-experiences-de-otras-agencias-de-viajes-de-lujo\"\r\n            >\r\n                \u00bfQu\u00e9 diferencia a Feel Tourism Experiences de otras agencias de viajes de lujo?            <\/button>\r\n        <\/h2>\r\n        <div id=\"st-qu\u00e9-diferencia-a-feel-tourism-experiences-de-otras-agencias-de-viajes-de-lujo\" class=\"accordion-collapse collapse \"\r\n            aria-labelledby=\"heading_qu\u00e9-diferencia-a-feel-tourism-experiences-de-otras-agencias-de-viajes-de-lujo\"\r\n            data-bs-parent=\"#accordion_qu\u00e9-diferencia-a-feel-tourism-experiences-de-otras-agencias-de-viajes-de-lujo\"\r\n        >\r\n            <div class=\"accordion-body\">\r\n                En Feel Tourism Experiences, nuestra diferencia est\u00e1 en la personalizaci\u00f3n total y en la creaci\u00f3n de experiencias exclusivas. Cada viaje es hecho a medida, con atenci\u00f3n a cada detalle, desde la calidad inigualable de nuestros proveedores, hasta el acompa\u00f1amiento constante antes, durante y despu\u00e9s de tu experiencia. Adem\u00e1s, ofrecemos acceso a eventos \u00fanicos, sitios privados, y servicios de concierge para garantizar que disfrutes de Colombia de una manera aut\u00e9ntica y lujosa, sin preocupaciones.            <\/div>\r\n        <\/div>\r\n    <\/div>\r\n<\/div>\r\n\t\t\t\t<\/div>\n\t\t\t\t<\/div>\n\t\t\t\t<div class=\"elementor-element elementor-element-041d3b5 elementor-widget elementor-widget-st_faq\" data-id=\"041d3b5\" data-element_type=\"widget\" data-e-type=\"widget\" data-widget_type=\"st_faq.default\">\n\t\t\t\t<div class=\"elementor-widget-container\">\n\t\t\t\t\t<div class=\"accordion faq style1\" id=\"accordion_ofrecen-servicios-de-concierge-durante-el-viaje\">\r\n    <div class=\"accordion-item\">\r\n        <h2 class=\"accordion-header\" id=\"heading_ofrecen-servicios-de-concierge-durante-el-viaje\">\r\n            <button class=\"accordion-button   collapsed\"\r\n                type=\"button\"\r\n                data-bs-toggle=\"collapse\"\r\n                data-bs-target=\"#st-ofrecen-servicios-de-concierge-durante-el-viaje\"\r\n                aria-expanded=\"false\"\r\n                aria-controls=\"ofrecen-servicios-de-concierge-durante-el-viaje\"\r\n            >\r\n                \u00bfOfrecen servicios de concierge durante el viaje?            <\/button>\r\n        <\/h2>\r\n        <div id=\"st-ofrecen-servicios-de-concierge-durante-el-viaje\" class=\"accordion-collapse collapse \"\r\n            aria-labelledby=\"heading_ofrecen-servicios-de-concierge-durante-el-viaje\"\r\n            data-bs-parent=\"#accordion_ofrecen-servicios-de-concierge-durante-el-viaje\"\r\n        >\r\n            <div class=\"accordion-body\">\r\n                S\u00ed, ofrecemos servicios de concierge personalizados durante todo tu viaje. Desde organizar experiencias privadas, hacer reservas en los mejores restaurantes, hasta gestionar cualquier petici\u00f3n especial que tengas, nuestro equipo de concierge est\u00e1 disponible para asegurarse de que cada momento sea perfecto y sin complicaciones.            <\/div>\r\n        <\/div>\r\n    <\/div>\r\n<\/div>\r\n\t\t\t\t<\/div>\n\t\t\t\t<\/div>\n\t\t\t\t\t<\/div>\n\t\t<\/div>\n\t\t\t\t\t<\/div>\n\t\t<\/section>\n\t\t\t\t<section class=\"elementor-section elementor-top-section elementor-element elementor-element-7989b718 elementor-hidden-widescreen elementor-hidden-desktop elementor-hidden-laptop elementor-hidden-tablet_extra elementor-hidden-tablet elementor-hidden-mobile elementor-section-boxed elementor-section-height-default elementor-section-height-default\" data-id=\"7989b718\" data-element_type=\"section\" data-e-type=\"section\">\n\t\t\t\t\t\t<div class=\"elementor-container elementor-column-gap-default\">\n\t\t\t\t\t<div class=\"elementor-column elementor-col-100 elementor-top-column elementor-element elementor-element-17508503\" data-id=\"17508503\" data-element_type=\"column\" data-e-type=\"column\">\n\t\t\t<div class=\"elementor-widget-wrap elementor-element-populated\">\n\t\t\t\t\t\t<section class=\"elementor-section elementor-inner-section elementor-element elementor-element-4b96573a elementor-section-boxed elementor-section-height-default elementor-section-height-default\" data-id=\"4b96573a\" data-element_type=\"section\" data-e-type=\"section\">\n\t\t\t\t\t\t<div class=\"elementor-container elementor-column-gap-default\">\n\t\t\t\t\t<div class=\"elementor-column elementor-col-50 elementor-inner-column elementor-element elementor-element-5536b8a9\" data-id=\"5536b8a9\" data-element_type=\"column\" data-e-type=\"column\">\n\t\t\t<div class=\"elementor-widget-wrap elementor-element-populated\">\n\t\t\t\t\t\t<div class=\"elementor-element elementor-element-50fbb6c elementor-widget elementor-widget-image\" data-id=\"50fbb6c\" data-element_type=\"widget\" data-e-type=\"widget\" data-widget_type=\"image.default\">\n\t\t\t\t<div class=\"elementor-widget-container\">\n\t\t\t\t\t\t\t\t\t\t\t\t\t\t\t<img fetchpriority=\"high\" decoding=\"async\" width=\"683\" height=\"436\" src=\"https:\/\/feeltourismexperiences.com\/wp-content\/uploads\/2024\/11\/pexels-diegonzalez-13360140.png\" class=\"attachment-full size-full wp-image-15097\" alt=\"\" srcset=\"https:\/\/feeltourismexperiences.com\/wp-content\/uploads\/2024\/11\/pexels-diegonzalez-13360140.png 683w, https:\/\/feeltourismexperiences.com\/wp-content\/uploads\/2024\/11\/pexels-diegonzalez-13360140-768x490.png 768w, https:\/\/feeltourismexperiences.com\/wp-content\/uploads\/2024\/11\/pexels-diegonzalez-13360140-600x383.png 600w\" sizes=\"(max-width: 683px) 100vw, 683px\" \/>\t\t\t\t\t\t\t\t\t\t\t\t\t\t\t<\/div>\n\t\t\t\t<\/div>\n\t\t\t\t\t<\/div>\n\t\t<\/div>\n\t\t\t\t<div class=\"elementor-column elementor-col-50 elementor-inner-column elementor-element elementor-element-144eb720\" data-id=\"144eb720\" data-element_type=\"column\" data-e-type=\"column\" data-settings=\"{&quot;background_background&quot;:&quot;classic&quot;}\">\n\t\t\t<div class=\"elementor-widget-wrap elementor-element-populated\">\n\t\t\t\t\t\t<div class=\"elementor-element elementor-element-56fb05a5 elementor-widget elementor-widget-heading\" data-id=\"56fb05a5\" data-element_type=\"widget\" data-e-type=\"widget\" data-widget_type=\"heading.default\">\n\t\t\t\t<div class=\"elementor-widget-container\">\n\t\t\t\t\t<h2 class=\"elementor-heading-title elementor-size-default\">Recibe ofertas especiales, y\nm\u00e1s de Feel Colombia<\/h2>\t\t\t\t<\/div>\n\t\t\t\t<\/div>\n\t\t\t\t<div class=\"elementor-element elementor-element-2e3ad502 elementor-widget elementor-widget-heading\" data-id=\"2e3ad502\" data-element_type=\"widget\" data-e-type=\"widget\" data-widget_type=\"heading.default\">\n\t\t\t\t<div class=\"elementor-widget-container\">\n\t\t\t\t\t<p class=\"elementor-heading-title elementor-size-default\">\u00a1Accede a informaci\u00f3n exclusiva sobre turismo especial en Colombia en el momento en que te registres!<\/p>\t\t\t\t<\/div>\n\t\t\t\t<\/div>\n\t\t\t\t<div class=\"elementor-element elementor-element-428f8000 elementor-widget elementor-widget-shortcode\" data-id=\"428f8000\" data-element_type=\"widget\" data-e-type=\"widget\" data-widget_type=\"shortcode.default\">\n\t\t\t\t<div class=\"elementor-widget-container\">\n\t\t\t\t\t\t\t<div class=\"elementor-shortcode\">[mc4wp_form id=19300]<\/div>\n\t\t\t\t\t\t<\/div>\n\t\t\t\t<\/div>\n\t\t\t\t\t<\/div>\n\t\t<\/div>\n\t\t\t\t\t<\/div>\n\t\t<\/section>\n\t\t\t\t\t<\/div>\n\t\t<\/div>\n\t\t\t\t\t<\/div>\n\t\t<\/section>\n\t\t\t\t<\/div>\n\t\t","protected":false},"excerpt":{"rendered":"<p>Preguntas m\u00e1s frecuentes \u00bfEs Colombia un pa\u00eds seguro para viajar? S\u00ed, Colombia es un pa\u00eds seguro para viajar. Ha avanzado significativamente en su transformaci\u00f3n social y seguridad, lo que lo convierte en un destino ideal para todo tipo de viajeros: desde aventureros solitarios hasta parejas, familias y grupos grandes. El pa\u00eds cuenta con infraestructura moderna [&hellip;]<\/p>\n","protected":false},"author":1,"featured_media":17048,"parent":0,"menu_order":0,"comment_status":"closed","ping_status":"closed","template":"template-blank.php","meta":{"_vp_format_video_url":"","_vp_image_focal_point":[],"_joinchat":[],"footnotes":""},"class_list":["post-15450","page","type-page","status-publish","has-post-thumbnail","hentry"],"_links":{"self":[{"href":"https:\/\/feeltourismexperiences.com\/es\/wp-json\/wp\/v2\/pages\/15450","targetHints":{"allow":["GET"]}}],"collection":[{"href":"https:\/\/feeltourismexperiences.com\/es\/wp-json\/wp\/v2\/pages"}],"about":[{"href":"https:\/\/feeltourismexperiences.com\/es\/wp-json\/wp\/v2\/types\/page"}],"author":[{"embeddable":true,"href":"https:\/\/feeltourismexperiences.com\/es\/wp-json\/wp\/v2\/users\/1"}],"replies":[{"embeddable":true,"href":"https:\/\/feeltourismexperiences.com\/es\/wp-json\/wp\/v2\/comments?post=15450"}],"version-history":[{"count":17,"href":"https:\/\/feeltourismexperiences.com\/es\/wp-json\/wp\/v2\/pages\/15450\/revisions"}],"predecessor-version":[{"id":19368,"href":"https:\/\/feeltourismexperiences.com\/es\/wp-json\/wp\/v2\/pages\/15450\/revisions\/19368"}],"wp:featuredmedia":[{"embeddable":true,"href":"https:\/\/feeltourismexperiences.com\/es\/wp-json\/wp\/v2\/media\/17048"}],"wp:attachment":[{"href":"https:\/\/feeltourismexperiences.com\/es\/wp-json\/wp\/v2\/media?parent=15450"}],"curies":[{"name":"wp","href":"https:\/\/api.w.org\/{rel}","templated":true}]}}