{"id":17059,"date":"2022-04-14T01:27:33","date_gmt":"2022-04-14T06:27:33","guid":{"rendered":"https:\/\/feeltourismexperiences.com\/?page_id=17059"},"modified":"2025-09-03T11:31:52","modified_gmt":"2025-09-03T16:31:52","slug":"contactanos","status":"publish","type":"page","link":"https:\/\/feeltourismexperiences.com\/es\/contactanos\/","title":{"rendered":"Cont\u00e1ctanos"},"content":{"rendered":"\t\t<div data-elementor-type=\"wp-page\" data-elementor-id=\"17059\" class=\"elementor elementor-17059 elementor-707\">\n\t\t\t\t\t\t<section class=\"elementor-section elementor-top-section elementor-element elementor-element-152ee526 elementor-section-full_width elementor-section-height-default elementor-section-height-default\" data-id=\"152ee526\" data-element_type=\"section\" data-e-type=\"section\">\n\t\t\t\t\t\t<div class=\"elementor-container elementor-column-gap-no\">\n\t\t\t\t\t<div class=\"elementor-column elementor-col-100 elementor-top-column elementor-element elementor-element-560e6049\" data-id=\"560e6049\" data-element_type=\"column\" data-e-type=\"column\">\n\t\t\t<div class=\"elementor-widget-wrap elementor-element-populated\">\n\t\t\t\t\t\t<div class=\"elementor-element elementor-element-bd787db elementor-widget elementor-widget-google_maps\" data-id=\"bd787db\" data-element_type=\"widget\" data-e-type=\"widget\" data-widget_type=\"google_maps.default\">\n\t\t\t\t<div class=\"elementor-widget-container\">\n\t\t\t\t\t\t\t<div class=\"elementor-custom-embed\">\n\t\t\t<iframe loading=\"lazy\"\n\t\t\t\t\tsrc=\"https:\/\/www.google.com\/maps\/embed\/v1\/place?key=AIzaSyD_mvw2zZtbTI4CrlzB0zqInC6jYXfhsQw&#038;q=Carrera%2043a%20%23%201a%20sur%2029%2C%20Medell%C3%ADn%2C%20Antioquia&#038;zoom=16\"\n\t\t\t\t\ttitle=\"Carrera 43a # 1a sur 29, Medell\u00edn, Antioquia\"\n\t\t\t\t\taria-label=\"Carrera 43a # 1a sur 29, Medell\u00edn, Antioquia\"\n\t\t\t><\/iframe>\n\t\t<\/div>\n\t\t\t\t\t\t<\/div>\n\t\t\t\t<\/div>\n\t\t\t\t\t<\/div>\n\t\t<\/div>\n\t\t\t\t\t<\/div>\n\t\t<\/section>\n\t\t\t\t<section class=\"elementor-section elementor-top-section elementor-element elementor-element-7286bf4b elementor-section-content-top elementor-section-boxed elementor-section-height-default elementor-section-height-default\" data-id=\"7286bf4b\" data-element_type=\"section\" data-e-type=\"section\">\n\t\t\t\t\t\t<div class=\"elementor-container elementor-column-gap-custom\">\n\t\t\t\t\t<div class=\"elementor-column elementor-col-50 elementor-top-column elementor-element elementor-element-4fc8b9e5\" data-id=\"4fc8b9e5\" data-element_type=\"column\" data-e-type=\"column\">\n\t\t\t<div class=\"elementor-widget-wrap elementor-element-populated\">\n\t\t\t\t\t\t<div class=\"elementor-element elementor-element-2a2ce934 elementor-widget elementor-widget-heading\" data-id=\"2a2ce934\" data-element_type=\"widget\" data-e-type=\"widget\" data-widget_type=\"heading.default\">\n\t\t\t\t<div class=\"elementor-widget-container\">\n\t\t\t\t\t<h1 class=\"elementor-heading-title elementor-size-default\">Estamos listos para tu pr\u00f3xima aventura en Colombia.\n <\/br>\n\u00bfY t\u00fa?<\/h1>\t\t\t\t<\/div>\n\t\t\t\t<\/div>\n\t\t\t\t<div class=\"elementor-element elementor-element-6bbd8299 elementor-widget elementor-widget-heading\" data-id=\"6bbd8299\" data-element_type=\"widget\" data-e-type=\"widget\" data-widget_type=\"heading.default\">\n\t\t\t\t<div class=\"elementor-widget-container\">\n\t\t\t\t\t<h2 class=\"elementor-heading-title elementor-size-default\">En Feel Colombia, puedes planear y reservar tu viaje directamente a trav\u00e9s de nuestro sitio web. Sin embargo, si prefieres algo a\u00fan m\u00e1s personalizado, estamos aqu\u00ed para dise\u00f1ar un viaje exclusivo para ti, ya sea que viajes en pareja, con familia o en un grupo grande.\n\nTambi\u00e9n puedes completar el siguiente formulario si deseas colaborar con nosotros o explorar oportunidades de asociaci\u00f3n.<\/br><\/br>\n\nCont\u00e1ctanos para comenzar a planear tu viaje o para trabajar juntos.<\/h2>\t\t\t\t<\/div>\n\t\t\t\t<\/div>\n\t\t\t\t<div class=\"elementor-element elementor-element-427920a1 elementor-position-left elementor-vertical-align-middle elementor-mobile-position-left elementor-view-default elementor-widget elementor-widget-icon-box\" data-id=\"427920a1\" data-element_type=\"widget\" data-e-type=\"widget\" data-widget_type=\"icon-box.default\">\n\t\t\t\t<div class=\"elementor-widget-container\">\n\t\t\t\t\t            <div class=\"elementor-icon-box-wrapper \">\r\n                                <div class=\"elementor-icon-box-content\">\r\n\t\t\t\t\t                    <h3 class=\"elementor-icon-box-title \">\r\n                        <span   style=\"display: inline-flex; align-items: center;\">\r\n\r\n                                                                                    <div class=\"elementor-icon-box-icon\">\r\n                                    <span class=\"elementor-icon elementor-animation-\" >\r\n                                    <svg aria-hidden=\"true\" class=\"e-font-icon-svg e-fas-map-marker-alt\" viewBox=\"0 0 384 512\" xmlns=\"http:\/\/www.w3.org\/2000\/svg\"><path d=\"M172.268 501.67C26.97 291.031 0 269.413 0 192 0 85.961 85.961 0 192 0s192 85.961 192 192c0 77.413-26.97 99.031-172.268 309.67-9.535 13.774-29.93 13.773-39.464 0zM192 272c44.183 0 80-35.817 80-80s-35.817-80-80-80-80 35.817-80 80 35.817 80 80 80z\"><\/path><\/svg>                                    <\/span>\r\n                                <\/div>\r\n                                                     Carrera 43a # 1a sur 29                        <\/span>\r\n                    <\/h3>\r\n\r\n                                    <\/div>\r\n            <\/div>\r\n            \t\t\t\t<\/div>\n\t\t\t\t<\/div>\n\t\t\t\t<div class=\"elementor-element elementor-element-58f2cd5b elementor-widget-divider--view-line elementor-widget elementor-widget-divider\" data-id=\"58f2cd5b\" data-element_type=\"widget\" data-e-type=\"widget\" data-widget_type=\"divider.default\">\n\t\t\t\t<div class=\"elementor-widget-container\">\n\t\t\t\t\t\t\t<div class=\"elementor-divider\">\n\t\t\t<span class=\"elementor-divider-separator\">\n\t\t\t\t\t\t<\/span>\n\t\t<\/div>\n\t\t\t\t\t\t<\/div>\n\t\t\t\t<\/div>\n\t\t\t\t<div class=\"elementor-element elementor-element-18a154ec elementor-position-left elementor-vertical-align-middle elementor-mobile-position-left elementor-view-default elementor-widget elementor-widget-icon-box\" data-id=\"18a154ec\" data-element_type=\"widget\" data-e-type=\"widget\" data-widget_type=\"icon-box.default\">\n\t\t\t\t<div class=\"elementor-widget-container\">\n\t\t\t\t\t            <div class=\"elementor-icon-box-wrapper \">\r\n                                <div class=\"elementor-icon-box-content\">\r\n\t\t\t\t\t                    <h3 class=\"elementor-icon-box-title \">\r\n                        <span   style=\"display: inline-flex; align-items: center;\">\r\n\r\n                                                                                    <div class=\"elementor-icon-box-icon\">\r\n                                    <span class=\"elementor-icon elementor-animation-\" >\r\n                                    <svg aria-hidden=\"true\" class=\"e-font-icon-svg e-fas-phone\" viewBox=\"0 0 512 512\" xmlns=\"http:\/\/www.w3.org\/2000\/svg\"><path d=\"M493.4 24.6l-104-24c-11.3-2.6-22.9 3.3-27.5 13.9l-48 112c-4.2 9.8-1.4 21.3 6.9 28l60.6 49.6c-36 76.7-98.9 140.5-177.2 177.2l-49.6-60.6c-6.8-8.3-18.2-11.1-28-6.9l-112 48C3.9 366.5-2 378.1.6 389.4l24 104C27.1 504.2 36.7 512 48 512c256.1 0 464-207.5 464-464 0-11.2-7.7-20.9-18.6-23.4z\"><\/path><\/svg>                                    <\/span>\r\n                                <\/div>\r\n                                                     +57 300 838 12 53                        <\/span>\r\n                    <\/h3>\r\n\r\n                                    <\/div>\r\n            <\/div>\r\n            \t\t\t\t<\/div>\n\t\t\t\t<\/div>\n\t\t\t\t<div class=\"elementor-element elementor-element-3d492a61 elementor-widget-divider--view-line elementor-widget elementor-widget-divider\" data-id=\"3d492a61\" data-element_type=\"widget\" data-e-type=\"widget\" data-widget_type=\"divider.default\">\n\t\t\t\t<div class=\"elementor-widget-container\">\n\t\t\t\t\t\t\t<div class=\"elementor-divider\">\n\t\t\t<span class=\"elementor-divider-separator\">\n\t\t\t\t\t\t<\/span>\n\t\t<\/div>\n\t\t\t\t\t\t<\/div>\n\t\t\t\t<\/div>\n\t\t\t\t<div class=\"elementor-element elementor-element-46af731 elementor-position-left elementor-vertical-align-middle elementor-mobile-position-left elementor-view-default elementor-widget elementor-widget-icon-box\" data-id=\"46af731\" data-element_type=\"widget\" data-e-type=\"widget\" data-widget_type=\"icon-box.default\">\n\t\t\t\t<div class=\"elementor-widget-container\">\n\t\t\t\t\t            <div class=\"elementor-icon-box-wrapper \">\r\n                                <div class=\"elementor-icon-box-content\">\r\n\t\t\t\t\t                    <h3 class=\"elementor-icon-box-title \">\r\n                        <span   style=\"display: inline-flex; align-items: center;\">\r\n\r\n                                                                                    <div class=\"elementor-icon-box-icon\">\r\n                                    <span class=\"elementor-icon elementor-animation-\" >\r\n                                    <svg aria-hidden=\"true\" class=\"e-font-icon-svg e-fas-clock\" viewBox=\"0 0 512 512\" xmlns=\"http:\/\/www.w3.org\/2000\/svg\"><path d=\"M256,8C119,8,8,119,8,256S119,504,256,504,504,393,504,256,393,8,256,8Zm92.49,313h0l-20,25a16,16,0,0,1-22.49,2.5h0l-67-49.72a40,40,0,0,1-15-31.23V112a16,16,0,0,1,16-16h32a16,16,0,0,1,16,16V256l58,42.5A16,16,0,0,1,348.49,321Z\"><\/path><\/svg>                                    <\/span>\r\n                                <\/div>\r\n                                                     Monday to Friday 8:00 a. m. - 5:00 p. m. Saturday: 8:00 a. m. - 1:00 p. m.                        <\/span>\r\n                    <\/h3>\r\n\r\n                                    <\/div>\r\n            <\/div>\r\n            \t\t\t\t<\/div>\n\t\t\t\t<\/div>\n\t\t\t\t<div class=\"elementor-element elementor-element-6f1766f elementor-widget-divider--view-line elementor-widget elementor-widget-divider\" data-id=\"6f1766f\" data-element_type=\"widget\" data-e-type=\"widget\" data-widget_type=\"divider.default\">\n\t\t\t\t<div class=\"elementor-widget-container\">\n\t\t\t\t\t\t\t<div class=\"elementor-divider\">\n\t\t\t<span class=\"elementor-divider-separator\">\n\t\t\t\t\t\t<\/span>\n\t\t<\/div>\n\t\t\t\t\t\t<\/div>\n\t\t\t\t<\/div>\n\t\t\t\t<div class=\"elementor-element elementor-element-b79049e elementor-position-left elementor-vertical-align-middle elementor-mobile-position-left elementor-view-default elementor-widget elementor-widget-icon-box\" data-id=\"b79049e\" data-element_type=\"widget\" data-e-type=\"widget\" data-widget_type=\"icon-box.default\">\n\t\t\t\t<div class=\"elementor-widget-container\">\n\t\t\t\t\t            <div class=\"elementor-icon-box-wrapper \">\r\n                                <div class=\"elementor-icon-box-content\">\r\n\t\t\t\t\t                    <h3 class=\"elementor-icon-box-title \">\r\n                        <span   style=\"display: inline-flex; align-items: center;\">\r\n\r\n                                                                                    <div class=\"elementor-icon-box-icon\">\r\n                                    <span class=\"elementor-icon elementor-animation-\" >\r\n                                    <svg aria-hidden=\"true\" class=\"e-font-icon-svg e-fas-envelope\" viewBox=\"0 0 512 512\" xmlns=\"http:\/\/www.w3.org\/2000\/svg\"><path d=\"M502.3 190.8c3.9-3.1 9.7-.2 9.7 4.7V400c0 26.5-21.5 48-48 48H48c-26.5 0-48-21.5-48-48V195.6c0-5 5.7-7.8 9.7-4.7 22.4 17.4 52.1 39.5 154.1 113.6 21.1 15.4 56.7 47.8 92.2 47.6 35.7.3 72-32.8 92.3-47.6 102-74.1 131.6-96.3 154-113.7zM256 320c23.2.4 56.6-29.2 73.4-41.4 132.7-96.3 142.8-104.7 173.4-128.7 5.8-4.5 9.2-11.5 9.2-18.9v-19c0-26.5-21.5-48-48-48H48C21.5 64 0 85.5 0 112v19c0 7.4 3.4 14.3 9.2 18.9 30.6 23.9 40.7 32.4 173.4 128.7 16.8 12.2 50.2 41.8 73.4 41.4z\"><\/path><\/svg>                                    <\/span>\r\n                                <\/div>\r\n                                                     info@feeltourismexperiences.com                        <\/span>\r\n                    <\/h3>\r\n\r\n                                    <\/div>\r\n            <\/div>\r\n            \t\t\t\t<\/div>\n\t\t\t\t<\/div>\n\t\t\t\t\t<\/div>\n\t\t<\/div>\n\t\t\t\t<div class=\"elementor-column elementor-col-50 elementor-top-column elementor-element elementor-element-b80a6ce\" data-id=\"b80a6ce\" data-element_type=\"column\" data-e-type=\"column\">\n\t\t\t<div class=\"elementor-widget-wrap elementor-element-populated\">\n\t\t\t\t\t\t<div class=\"elementor-element elementor-element-8f04c66 elementor-widget elementor-widget-heading\" data-id=\"8f04c66\" data-element_type=\"widget\" data-e-type=\"widget\" data-widget_type=\"heading.default\">\n\t\t\t\t<div class=\"elementor-widget-container\">\n\t\t\t\t\t<h2 class=\"elementor-heading-title elementor-size-default\">Escr\u00edbenos<\/h2>\t\t\t\t<\/div>\n\t\t\t\t<\/div>\n\t\t\t\t<div class=\"elementor-element elementor-element-7ee5163 elementor-widget elementor-widget-html\" data-id=\"7ee5163\" data-element_type=\"widget\" data-e-type=\"widget\" data-widget_type=\"html.default\">\n\t\t\t\t<div class=\"elementor-widget-container\">\n\t\t\t\t\t<div class=\"section-title\">\r\n<h1 class=\"page-headline spanborder h3\"><span><?php the_title();?><\/span> <\/h1> \r\n<\/div><?php\r\n?>\r\n\r\n<?php\r\n \/* Template Name: Form Kontak *\/\r\n?>\r\n\r\n<style type=\"text\/css\">\r\n\r\n.datainput{position:relative;margin:5px 0 20px}.datainput p{font-size:12px;background:#eee;display:inline-block;padding:5px 15px;border-radius:.5rem}.whatsapp-form textarea{min-height:120px}.datainput select{padding:12px 0;color:#555;font-size:14px;width:100%;border:0;border-bottom:1px solid #ddd;outline:none;background:#fff}.datainput input,.datainput textarea{font-size:15px;padding:15px 0;display:block;width:100%;border:none;border-bottom:1px solid #ddd}.datainput input:focus,.datainput textarea:focus{outline:none}.datainput label{color:#999;font-size:14px;font-weight:400;position:absolute;pointer-events:none;left:0;top:18px;transition:.2s ease all}.datainput input:focus~label,.datainput input:valid~label,.datainput textarea:focus~label,.datainput textarea:valid~label{top:-10px;font-size:14px;color:#000}#notif-license span{font-size:40px}#notif-license{display:none;position:fixed}.bar{position:relative;display:block;width:100%}.bar:before,.bar:after{content:'';height:2px;width:0;bottom:1px;position:absolute;background:#000;transition:.2s ease all}.bar:before{left:50%}.bar:after{right:50%}.datainput input:focus~.bar:before,.datainput input:focus~.bar:after,.datainput textarea:focus~.bar:before,.datainput textarea:focus~.bar:after{width:50%}.indigox{background:#3f51b5}.orangex{background:#ff9800}.pinkx{background:#e91e63}.bluex{background:#2196F3}.purplex{background:#9c27b0}.redx{background:#F44336}.greenx{background:#4CAF50}.highlight{position:absolute;height:50%;width:100px;top:25%;left:0;pointer-events:none;opacity:.5}.datainput input:focus~.highlight,.datainput textarea:focus~.highlight{animation:inputHighlighter .3s ease}.datainput input:focus~label,.datainput input:valid~label,.datainput textarea:focus~label,.datainput textarea:valid~label{top:-10px;font-size:13px;color:#000}\r\n\r\n .whatsapp-form a.send_form {\r\n    color: #000 !important;\r\n    background: #F2B203;\r\n    text-decoration: none;\r\n    display: inline-block;\r\n    padding: 10px 35px;\r\n    border-radius: 50px;\r\n    font-weight: 500;\r\n    letter-spacing: .5px;\r\n    font-size: 15px;\r\n}\r\n.whatsapp-form a.send_form:hover {\r\n    background: #F2B203; \/* fondo en hover *\/\r\n    color: #000 !important; \/* fuerza texto blanco *\/\r\n}\r\n#text-info span {\r\n    display: block;\r\n    padding: 10px 15px;\r\n    text-align: center;\r\n    font-weight: 700;\r\n    margin: 15px 0;\r\n    border-radius: .5rem;\r\n}\r\n#text-info span.yes {\r\n    background: #c6ffc5;\r\n    color: #0b2f35;\r\n}\r\n#text-info span.no {\r\n    background: #ffc5c5;\r\n    color: #0b2f35;\r\n}\r\n<\/style>\r\n<script src='https:\/\/ajax.googleapis.com\/ajax\/libs\/jquery\/3.3.1\/jquery.min.js'><\/script>\r\n<link href=\"https:\/\/fonts.googleapis.com\/css?family=Roboto&display=swap\" rel=\"stylesheet\"\/>\r\n<\/head>\r\n<body>\r\n<form class=\"whatsapp-form\">\r\n<div class=\"datainput\">\r\n<input  id=\"wa_name_2\" name=\"name\" required=\"\" type=\"text\" value=''\/>\r\n<span class=\"highlight\"><\/span><span class=\"bar\"><\/span>\r\n<label>Name<\/label>\r\n<\/div>\r\n<div class=\"datainput\">\r\n<input  id=\"wa_cel_2\" name=\"cel\" required=\"\" type=\"text\" value=''\/>\r\n<span class=\"highlight\"><\/span><span class=\"bar\"><\/span>\r\n<label>Phone<\/label>\r\n<\/div>\r\n<div class=\"datainput\">\r\n<input id=\"wa_email_2\" name=\"email\" required=\"\" type=\"email\" value=''\/>\r\n<span class=\"highlight\"><\/span><span class=\"bar\"><\/span>\r\n<label>Email<\/label>\r\n<\/div>\r\n<a class=\"send_form\" href=\"javascript:void\" type=\"submit\" title=\"Send to Whatsapp\">SEND<\/a>\r\n  <br>\r\n  <br>\r\n<\/form>\r\n<script type=\"text\/javascript\">\r\n\/\/<![CDATA[\r\n$(document).on('click','.send_form', function(){\r\nvar input_blanter = document.getElementById('wa_name_2');\r\n\r\n\/* Whatsapp Settings *\/\r\nvar walink = 'https:\/\/web.whatsapp.com\/send',\r\n    phone = '573008381253',\r\n    walink2 = 'From feeltourismexperiences.com contact...',\r\n    text_yes = 'Thanks.',\r\n    text_no = 'Fill de info';\r\n\r\n\/* Smartphone Support *\/\r\nif (\/Android|webOS|iPhone|iPad|iPod|BlackBerry|IEMobile|Opera Mini\/i.test(navigator.userAgent)) {\r\nvar walink = 'whatsapp:\/\/send';\r\n}\r\n\r\nif(\"\" != input_blanter.value){\r\n\r\n \/* Call Input Form *\/\r\nvar input_name1 = $(\"#wa_name_2\").val(),\r\n\tinput_cel1 = $(\"#wa_cel_2\").val(),\r\n\tinput_dir1 = $(\"#wa_dir_2\").val(),\r\n\tinput_barrio1 = $(\"#wa_barrio_2\").val(),\r\n    input_email1 = $(\"#wa_email_2\").val();\r\n\r\n\/* Final Whatsapp URL *\/\r\nvar blanter_whatsapp = walink + '?phone=' + phone + '&text=' + walink2 + '%0A%0A' +\r\n    '*Nombre completo* : ' + input_name1 + '%0A' +\r\n\t'*Tel\u00e9fono de contacto* : ' + input_cel1 + '%0A' +\r\n\t'*Correo Electr\u00f3nico* : ' + input_email1 + '%0A';\r\n\r\n\/* Whatsapp Window Open *\/\r\nwindow.open(blanter_whatsapp,'_blank');\r\ndocument.getElementById(\"text-info\").innerHTML = '<span class=\"yes\">'+text_yes+'<\/span>';\r\n} else {\r\ndocument.getElementById(\"text-info\").innerHTML = '<span class=\"no\">'+text_no+'<\/span>';\r\n}\r\n});\r\n\/\/]]>\r\n<\/script>\r\n<\/body>\t\t\t\t<\/div>\n\t\t\t\t<\/div>\n\t\t\t\t\t<\/div>\n\t\t<\/div>\n\t\t\t\t\t<\/div>\n\t\t<\/section>\n\t\t\t\t<\/div>\n\t\t","protected":false},"excerpt":{"rendered":"<p>Estamos listos para tu pr\u00f3xima aventura en Colombia. \u00bfY t\u00fa? En Feel Colombia, puedes planear y reservar tu viaje directamente a trav\u00e9s de nuestro sitio web. Sin embargo, si prefieres algo a\u00fan m\u00e1s personalizado, estamos aqu\u00ed para dise\u00f1ar un viaje exclusivo para ti, ya sea que viajes en pareja, con familia o en un grupo [&hellip;]<\/p>\n","protected":false},"author":1,"featured_media":17048,"parent":0,"menu_order":0,"comment_status":"closed","ping_status":"closed","template":"template-blank.php","meta":{"_vp_format_video_url":"","_vp_image_focal_point":[],"_joinchat":[],"footnotes":""},"class_list":["post-17059","page","type-page","status-publish","has-post-thumbnail","hentry"],"_links":{"self":[{"href":"https:\/\/feeltourismexperiences.com\/es\/wp-json\/wp\/v2\/pages\/17059","targetHints":{"allow":["GET"]}}],"collection":[{"href":"https:\/\/feeltourismexperiences.com\/es\/wp-json\/wp\/v2\/pages"}],"about":[{"href":"https:\/\/feeltourismexperiences.com\/es\/wp-json\/wp\/v2\/types\/page"}],"author":[{"embeddable":true,"href":"https:\/\/feeltourismexperiences.com\/es\/wp-json\/wp\/v2\/users\/1"}],"replies":[{"embeddable":true,"href":"https:\/\/feeltourismexperiences.com\/es\/wp-json\/wp\/v2\/comments?post=17059"}],"version-history":[{"count":17,"href":"https:\/\/feeltourismexperiences.com\/es\/wp-json\/wp\/v2\/pages\/17059\/revisions"}],"predecessor-version":[{"id":19286,"href":"https:\/\/feeltourismexperiences.com\/es\/wp-json\/wp\/v2\/pages\/17059\/revisions\/19286"}],"wp:featuredmedia":[{"embeddable":true,"href":"https:\/\/feeltourismexperiences.com\/es\/wp-json\/wp\/v2\/media\/17048"}],"wp:attachment":[{"href":"https:\/\/feeltourismexperiences.com\/es\/wp-json\/wp\/v2\/media?parent=17059"}],"curies":[{"name":"wp","href":"https:\/\/api.w.org\/{rel}","templated":true}]}}