{"id":17167,"date":"2022-04-01T08:50:15","date_gmt":"2022-04-01T13:50:15","guid":{"rendered":"https:\/\/feeltourismexperiences.com\/?page_id=17167"},"modified":"2025-03-03T14:50:08","modified_gmt":"2025-03-03T19:50:08","slug":"proteccion-de-datos-personales","status":"publish","type":"page","link":"https:\/\/feeltourismexperiences.com\/es\/proteccion-de-datos-personales\/","title":{"rendered":"Protecci\u00f3n de datos personales"},"content":{"rendered":"\t\t<div data-elementor-type=\"wp-page\" data-elementor-id=\"17167\" class=\"elementor elementor-17167 elementor-3\">\n\t\t\t\t<div class=\"elementor-element elementor-element-a9e6cf0 e-flex e-con-boxed e-con e-parent\" data-id=\"a9e6cf0\" data-element_type=\"container\" data-e-type=\"container\">\n\t\t\t\t\t<div class=\"e-con-inner\">\n\t\t\t\t<div class=\"elementor-element elementor-element-1e9de13 elementor-widget elementor-widget-text-editor\" data-id=\"1e9de13\" data-element_type=\"widget\" data-e-type=\"widget\" data-widget_type=\"text-editor.default\">\n\t\t\t\t<div class=\"elementor-widget-container\">\n\t\t\t\t\t\t\t\t\t<p>En cumplimiento de la Ley Estatutaria 1581 de 2012, el Decreto 1377 de 2013 y las normas que las modifiquen o complementen, en mi calidad de titular de los datos personales, autorizo expresamente a Feel Medell\u00edn S.A.S., el cual incluir\u00e1 la recolecci\u00f3n, almacenamiento, uso, circulaci\u00f3n, actualizaci\u00f3n, transmisi\u00f3n y\/o transferencia nacional e internacional, con las siguientes finalidades:<\/p><p>1. Gestiones administrativas y comerciales: Verificaci\u00f3n de identidad y datos personales, gesti\u00f3n de solicitudes, procesamiento de transacciones, atenci\u00f3n a clientes y usuarios, y cumplimiento de obligaciones contractuales.<br \/>2. Gestiones contables y financieras: Facturaci\u00f3n, cobros, pagos y otras obligaciones econ\u00f3micas derivadas de la relaci\u00f3n comercial.<br \/>3. Investigaci\u00f3n y desarrollo: An\u00e1lisis estad\u00edsticos, estudios de mercado, segmentaci\u00f3n de clientes y mejora de los servicios.<br \/>4. Marketing y publicidad: Enviar informaci\u00f3n sobre productos, promociones y servicios a trav\u00e9s de medios f\u00edsicos, electr\u00f3nicos y digitales (correo electr\u00f3nico, SMS, llamadas telef\u00f3nicas, aplicaciones de mensajer\u00eda instant\u00e1nea, entre otros).<br \/>5. Cumplimiento normativo: Atender requerimientos de autoridades competentes y cumplir con disposiciones legales aplicables.<\/p><p>Declaro que he sido informado sobre el car\u00e1cter facultativo de suministrar datos sensibles, los cuales incluyen, entre otros, aquellos que revelen origen racial o \u00e9tnico, convicciones religiosas o filos\u00f3ficas, datos de salud, vida u orientaci\u00f3n sexuales, as\u00ed como datos biom\u00e9tricos. En caso de proporcionar dichos datos, autorizo expresamente su tratamiento para las finalidades aqu\u00ed establecidas. As\u00ed mismo, en caso de suministrar datos de menores de edad, declaro que soy su representante legal y otorgo autorizaci\u00f3n para el tratamiento de estos, en cumplimiento de su inter\u00e9s superior y garantizando el respeto de sus derechos fundamentales.<br \/>Autorizo la transmisi\u00f3n y transferencia nacional e internacional de mis datos personales a:<\/p><p>1. Proveedores de servicios de almacenamiento, custodia y seguridad de la informaci\u00f3n.<br \/>2. Entidades aliadas y socios comerciales para fines de publicidad, marketing y prospecci\u00f3n comercial.<br \/>3. Entidades con las que Feel Medell\u00edn S.A.S. tenga acuerdos para la prestaci\u00f3n de servicios complementarios.<\/p><p>Como titular de los datos personales, he sido informado acerca de los derechos que me asisten, referidos, entre otros, a los siguientes:<\/p><p>1. Conocer, actualizar y rectificar mis datos personales.<br \/>2. Solicitar la supresi\u00f3n de mis datos cuando considere que no est\u00e1n siendo tratados conforme a la normativa vigente.<br \/>3. Revocar la autorizaci\u00f3n otorgada para el tratamiento de mis datos.<br \/>4. Presentar quejas ante la Superintendencia de Industria y Comercio en caso de incumplimiento de las normas de protecci\u00f3n de datos.<\/p><p>Podr\u00e9 ejercer estos derechos mediante comunicaci\u00f3n escrita dirigida a Feel Medell\u00edn S.A.S. a trav\u00e9s del correo electr\u00f3nico info@feeltourismexperiences.com al tel\u00e9fono 3008381253, indicando en el asunto el derecho que deseo ejercer. Tambi\u00e9n podr\u00e9 remitir mi solicitud por correo ordinario a la direcci\u00f3n Carrera 43 A 1 A sur 29.<br \/>Los datos personales ser\u00e1n tratados mientras se mantenga la finalidad para la cual fueron recolectados o hasta que se solicite su eliminaci\u00f3n, salvo que exista una obligaci\u00f3n legal o contractual que requiera su conservaci\u00f3n.<br \/>Las pol\u00edticas de tratamiento de datos personales y cualquier cambio sustancial en las mismas podr\u00e1n ser consultadas a trav\u00e9s del correo electr\u00f3nico info@feeltourismexperiences.com o en la p\u00e1gina web www.feeltourismexperiences.com.<\/p>\t\t\t\t\t\t\t\t<\/div>\n\t\t\t\t<\/div>\n\t\t\t\t\t<\/div>\n\t\t\t\t<\/div>\n\t\t\t\t<\/div>\n\t\t","protected":false},"excerpt":{"rendered":"<p>En cumplimiento de la Ley Estatutaria 1581 de 2012, el Decreto 1377 de 2013 y las normas que las modifiquen o complementen, en mi calidad de titular de los datos personales, autorizo expresamente a Feel Medell\u00edn S.A.S., el cual incluir\u00e1 la recolecci\u00f3n, almacenamiento, uso, circulaci\u00f3n, actualizaci\u00f3n, transmisi\u00f3n y\/o transferencia nacional e internacional, con las siguientes [&hellip;]<\/p>\n","protected":false},"author":1,"featured_media":17048,"parent":0,"menu_order":0,"comment_status":"closed","ping_status":"open","template":"template-blank.php","meta":{"_vp_format_video_url":"","_vp_image_focal_point":[],"_joinchat":[],"footnotes":""},"class_list":["post-17167","page","type-page","status-publish","has-post-thumbnail","hentry"],"_links":{"self":[{"href":"https:\/\/feeltourismexperiences.com\/es\/wp-json\/wp\/v2\/pages\/17167","targetHints":{"allow":["GET"]}}],"collection":[{"href":"https:\/\/feeltourismexperiences.com\/es\/wp-json\/wp\/v2\/pages"}],"about":[{"href":"https:\/\/feeltourismexperiences.com\/es\/wp-json\/wp\/v2\/types\/page"}],"author":[{"embeddable":true,"href":"https:\/\/feeltourismexperiences.com\/es\/wp-json\/wp\/v2\/users\/1"}],"replies":[{"embeddable":true,"href":"https:\/\/feeltourismexperiences.com\/es\/wp-json\/wp\/v2\/comments?post=17167"}],"version-history":[{"count":4,"href":"https:\/\/feeltourismexperiences.com\/es\/wp-json\/wp\/v2\/pages\/17167\/revisions"}],"predecessor-version":[{"id":17171,"href":"https:\/\/feeltourismexperiences.com\/es\/wp-json\/wp\/v2\/pages\/17167\/revisions\/17171"}],"wp:featuredmedia":[{"embeddable":true,"href":"https:\/\/feeltourismexperiences.com\/es\/wp-json\/wp\/v2\/media\/17048"}],"wp:attachment":[{"href":"https:\/\/feeltourismexperiences.com\/es\/wp-json\/wp\/v2\/media?parent=17167"}],"curies":[{"name":"wp","href":"https:\/\/api.w.org\/{rel}","templated":true}]}}