{"id":18560,"date":"2025-07-14T17:01:51","date_gmt":"2025-07-14T22:01:51","guid":{"rendered":"https:\/\/feeltourismexperiences.com\/?page_id=18560"},"modified":"2025-07-30T12:16:41","modified_gmt":"2025-07-30T17:16:41","slug":"guia-de-ciudad-medellin","status":"publish","type":"page","link":"https:\/\/feeltourismexperiences.com\/es\/guia-de-ciudad-medellin\/","title":{"rendered":"Gu\u00eda de ciudad \u2022 Medell\u00edn"},"content":{"rendered":"\t\t<div data-elementor-type=\"wp-page\" data-elementor-id=\"18560\" class=\"elementor elementor-18560 elementor-17919\">\n\t\t\t\t<div class=\"elementor-element elementor-element-4a30c9b8 animated-slow e-flex e-con-boxed e-con e-parent\" data-id=\"4a30c9b8\" data-element_type=\"container\" data-e-type=\"container\" data-settings=\"{&quot;animation&quot;:&quot;none&quot;}\">\n\t\t\t\t\t<div class=\"e-con-inner\">\n\t\t\t\t<div class=\"elementor-element elementor-element-4d62dbbb animated-slow elementor-widget elementor-widget-heading\" data-id=\"4d62dbbb\" data-element_type=\"widget\" data-e-type=\"widget\" data-settings=\"{&quot;_animation&quot;:&quot;none&quot;}\" data-widget_type=\"heading.default\">\n\t\t\t\t<div class=\"elementor-widget-container\">\n\t\t\t\t\t<h2 class=\"elementor-heading-title elementor-size-default\">Bienvenidos a uno de las ciudades m\u00e1s vibrantes y en tendencia del mundo. <\/h2>\t\t\t\t<\/div>\n\t\t\t\t<\/div>\n\t\t\t\t<div class=\"elementor-element elementor-element-22d2cd67 animated-slow elementor-widget elementor-widget-text-editor\" data-id=\"22d2cd67\" data-element_type=\"widget\" data-e-type=\"widget\" data-settings=\"{&quot;_animation&quot;:&quot;none&quot;,&quot;_animation_delay&quot;:300}\" data-widget_type=\"text-editor.default\">\n\t\t\t\t<div class=\"elementor-widget-container\">\n\t\t\t\t\t\t\t\t\t<p style=\"text-align: left;\">En esta gu\u00eda, te ofrecemos una selecci\u00f3n exclusiva de <strong>los lugares m\u00e1s recomendados de Medell\u00edn<\/strong> y su \u00e1rea metropolitana, abarcando diversos rubros para enriquecer tu experiencia en la ciudad. <strong>Cada recomendaci\u00f3n ha sido cuidadosamente elegida<\/strong>, asegurando que disfrutes de lo mejor, con la seguridad y calidad que mereces.<\/p>\t\t\t\t\t\t\t\t<\/div>\n\t\t\t\t<\/div>\n\t\t\t\t\t<\/div>\n\t\t\t\t<\/div>\n\t\t<div class=\"elementor-element elementor-element-8b9e061 e-flex e-con-boxed e-con e-parent\" data-id=\"8b9e061\" data-element_type=\"container\" data-e-type=\"container\">\n\t\t\t\t\t<div class=\"e-con-inner\">\n\t\t\t\t<div class=\"elementor-element elementor-element-8292f1f elementor-widget elementor-widget-visual-portfolio\" data-id=\"8292f1f\" data-element_type=\"widget\" data-e-type=\"widget\" data-widget_type=\"visual-portfolio.default\">\n\t\t\t\t<div class=\"elementor-widget-container\">\n\t\t\t\t\t\t\t<div\n\t\t\t\t\t>\n\t\t\t\t\t\t\t\n<div class=\"vp-portfolio vp-uid-7962ab6b vp-id-18058 \"\n\tdata-vp-layout=\"tiles\" data-vp-content-source=\"post-based\" data-vp-items-style=\"default\" data-vp-items-click-action=\"url\" data-vp-items-gap=\"15\" data-vp-items-gap-vertical=\"60\" data-vp-pagination=\"infinite\" data-vp-next-page-url=\"\" data-vp-tiles-type=\"3|1,0.8|\" >\n\t<div class=\"vp-portfolio__preloader-wrap\">\n\t\t<div class=\"vp-portfolio__preloader\">\n\t\t\t<img decoding=\"async\" loading=\"eager\" src=\"https:\/\/feeltourismexperiences.com\/wp-content\/plugins\/visual-portfolio\/assets\/images\/logo-dark.svg\" alt=\"Visual Portfolio, Posts &amp; Image Gallery para WordPress\" width=\"20\" height=\"20\" data-skip-lazy>\n\t\t<\/div>\n\t<\/div>\n\t\t<div class=\"vp-portfolio__items-wrap\">\n\t\t\t\n<div class=\"vp-portfolio__items vp-portfolio__items-style-default vp-portfolio__items-show-overlay-hover\">\n\n\t\t<article\t\tclass=\"vp-portfolio__item-wrap post-18625 city_guide type-city_guide status-publish format-link has-post-thumbnail hentry post_format-post-format-link location-medellin-es vp-portfolio__item-uid-25289f30\" data-vp-filter=\"\" \t\t>\n\t\t\t\t\t\t\t\t\t<figure class=\"vp-portfolio__item\">\n\t\t\t\t\n<div class=\"vp-portfolio__item-img-wrap\">\n\t<div class=\"vp-portfolio__item-img\">\n\t\t\t<a\n\t\thref=\"https:\/\/feeltourismexperiences.com\/es\/city_guide\/accommodation-2\/\"\n\t\taria-label=\"Alojamiento\" \t>\n\t\n\t\t<img fetchpriority=\"high\" decoding=\"async\" width=\"1200\" height=\"1000\" src=\"https:\/\/feeltourismexperiences.com\/wp-content\/uploads\/2025\/07\/ACCOMMODATION-1200x1000.webp\" class=\"wp-image-18111\" alt=\"\" \/>\n\t\t<div class=\"vp-portfolio__item-overlay\">\n\t\t\t\t\t<\/div>\n\n\t\t<\/a>\t<\/div>\n<\/div>\n\n\t<figcaption class=\"vp-portfolio__item-caption vp-portfolio__item-caption-text-align-center\">\n\t\t<div class=\"vp-portfolio__item-meta\">\n\t\t\t\n<h5 class=\"vp-portfolio__item-meta-title\">\n\t\t<a\n\t\thref=\"https:\/\/feeltourismexperiences.com\/es\/city_guide\/accommodation-2\/\"\n\t\t\t>\n\tAlojamiento<\/a><\/h5>\n\t\t<\/div>\n\t<\/figcaption>\n\t\t\t<\/figure>\n\t\t\t\t\t<\/article>\n\t\t\n\t\t<article\t\tclass=\"vp-portfolio__item-wrap post-18635 city_guide type-city_guide status-publish format-link has-post-thumbnail hentry post_format-post-format-link location-medellin-es vp-portfolio__item-uid-3c33ae71\" data-vp-filter=\"\" \t\t>\n\t\t\t\t\t\t\t\t\t<figure class=\"vp-portfolio__item\">\n\t\t\t\t\n<div class=\"vp-portfolio__item-img-wrap\">\n\t<div class=\"vp-portfolio__item-img\">\n\t\t\t<a\n\t\thref=\"https:\/\/feeltourismexperiences.com\/es\/city_guide\/gastronomy\/\"\n\t\taria-label=\"Gastronom\u00eda\" \t>\n\t\n\t\t<img decoding=\"async\" width=\"1200\" height=\"1000\" src=\"https:\/\/feeltourismexperiences.com\/wp-content\/uploads\/2025\/07\/GASTRONOMY-1200x1000.webp\" class=\"wp-image-18121\" alt=\"\" \/>\n\t\t<div class=\"vp-portfolio__item-overlay\">\n\t\t\t\t\t<\/div>\n\n\t\t<\/a>\t<\/div>\n<\/div>\n\n\t<figcaption class=\"vp-portfolio__item-caption vp-portfolio__item-caption-text-align-center\">\n\t\t<div class=\"vp-portfolio__item-meta\">\n\t\t\t\n<h5 class=\"vp-portfolio__item-meta-title\">\n\t\t<a\n\t\thref=\"https:\/\/feeltourismexperiences.com\/es\/city_guide\/gastronomy\/\"\n\t\t\t>\n\tGastronom\u00eda<\/a><\/h5>\n\t\t<\/div>\n\t<\/figcaption>\n\t\t\t<\/figure>\n\t\t\t\t\t<\/article>\n\t\t\n\t\t<article\t\tclass=\"vp-portfolio__item-wrap post-18633 city_guide type-city_guide status-publish format-link has-post-thumbnail hentry post_format-post-format-link location-medellin-es vp-portfolio__item-uid-d5500b44\" data-vp-filter=\"\" \t\t>\n\t\t\t\t\t\t\t\t\t<figure class=\"vp-portfolio__item\">\n\t\t\t\t\n<div class=\"vp-portfolio__item-img-wrap\">\n\t<div class=\"vp-portfolio__item-img\">\n\t\t\t<a\n\t\thref=\"https:\/\/feeltourismexperiences.com\/es\/city_guide\/health-wellness\/\"\n\t\taria-label=\"Salud y Bienestar\" \t>\n\t\n\t\t<img decoding=\"async\" width=\"1200\" height=\"1000\" src=\"https:\/\/feeltourismexperiences.com\/wp-content\/uploads\/2025\/07\/HEALTH-WELLNESS-1200x1000.webp\" class=\"wp-image-18119\" alt=\"\" \/>\n\t\t<div class=\"vp-portfolio__item-overlay\">\n\t\t\t\t\t<\/div>\n\n\t\t<\/a>\t<\/div>\n<\/div>\n\n\t<figcaption class=\"vp-portfolio__item-caption vp-portfolio__item-caption-text-align-center\">\n\t\t<div class=\"vp-portfolio__item-meta\">\n\t\t\t\n<h5 class=\"vp-portfolio__item-meta-title\">\n\t\t<a\n\t\thref=\"https:\/\/feeltourismexperiences.com\/es\/city_guide\/health-wellness\/\"\n\t\t\t>\n\tSalud y Bienestar<\/a><\/h5>\n\t\t<\/div>\n\t<\/figcaption>\n\t\t\t<\/figure>\n\t\t\t\t\t<\/article>\n\t\t\n\t\t<article\t\tclass=\"vp-portfolio__item-wrap post-18632 city_guide type-city_guide status-publish format-link has-post-thumbnail hentry post_format-post-format-link location-medellin-es vp-portfolio__item-uid-a2573bd2\" data-vp-filter=\"\" \t\t>\n\t\t\t\t\t\t\t\t\t<figure class=\"vp-portfolio__item\">\n\t\t\t\t\n<div class=\"vp-portfolio__item-img-wrap\">\n\t<div class=\"vp-portfolio__item-img\">\n\t\t\t<a\n\t\thref=\"https:\/\/feeltourismexperiences.com\/es\/city_guide\/coworking\/\"\n\t\taria-label=\"Coworking\" \t>\n\t\n\t\t<img loading=\"lazy\" decoding=\"async\" width=\"1200\" height=\"1000\" src=\"https:\/\/feeltourismexperiences.com\/wp-content\/uploads\/2025\/07\/COWORKING-1200x1000.webp\" class=\"wp-image-18123\" alt=\"\" \/>\n\t\t<div class=\"vp-portfolio__item-overlay\">\n\t\t\t\t\t<\/div>\n\n\t\t<\/a>\t<\/div>\n<\/div>\n\n\t<figcaption class=\"vp-portfolio__item-caption vp-portfolio__item-caption-text-align-center\">\n\t\t<div class=\"vp-portfolio__item-meta\">\n\t\t\t\n<h5 class=\"vp-portfolio__item-meta-title\">\n\t\t<a\n\t\thref=\"https:\/\/feeltourismexperiences.com\/es\/city_guide\/coworking\/\"\n\t\t\t>\n\tCoworking<\/a><\/h5>\n\t\t<\/div>\n\t<\/figcaption>\n\t\t\t<\/figure>\n\t\t\t\t\t<\/article>\n\t\t\n\t\t<article\t\tclass=\"vp-portfolio__item-wrap post-18631 city_guide type-city_guide status-publish format-link has-post-thumbnail hentry post_format-post-format-link location-medellin-es vp-portfolio__item-uid-3b5e6a68\" data-vp-filter=\"\" \t\t>\n\t\t\t\t\t\t\t\t\t<figure class=\"vp-portfolio__item\">\n\t\t\t\t\n<div class=\"vp-portfolio__item-img-wrap\">\n\t<div class=\"vp-portfolio__item-img\">\n\t\t\t<a\n\t\thref=\"https:\/\/feeltourismexperiences.com\/es\/city_guide\/shopping\/\"\n\t\taria-label=\"Compras\" \t>\n\t\n\t\t<img loading=\"lazy\" decoding=\"async\" width=\"1200\" height=\"1000\" src=\"https:\/\/feeltourismexperiences.com\/wp-content\/uploads\/2025\/07\/SHOPPING-1200x1000.webp\" class=\"wp-image-18113\" alt=\"\" \/>\n\t\t<div class=\"vp-portfolio__item-overlay\">\n\t\t\t\t\t<\/div>\n\n\t\t<\/a>\t<\/div>\n<\/div>\n\n\t<figcaption class=\"vp-portfolio__item-caption vp-portfolio__item-caption-text-align-center\">\n\t\t<div class=\"vp-portfolio__item-meta\">\n\t\t\t\n<h5 class=\"vp-portfolio__item-meta-title\">\n\t\t<a\n\t\thref=\"https:\/\/feeltourismexperiences.com\/es\/city_guide\/shopping\/\"\n\t\t\t>\n\tCompras<\/a><\/h5>\n\t\t<\/div>\n\t<\/figcaption>\n\t\t\t<\/figure>\n\t\t\t\t\t<\/article>\n\t\t\n\t\t<article\t\tclass=\"vp-portfolio__item-wrap post-18630 city_guide type-city_guide status-publish format-link has-post-thumbnail hentry post_format-post-format-link location-medellin-es vp-portfolio__item-uid-4c595afe\" data-vp-filter=\"\" \t\t>\n\t\t\t\t\t\t\t\t\t<figure class=\"vp-portfolio__item\">\n\t\t\t\t\n<div class=\"vp-portfolio__item-img-wrap\">\n\t<div class=\"vp-portfolio__item-img\">\n\t\t\t<a\n\t\thref=\"https:\/\/feeltourismexperiences.com\/es\/city_guide\/nightlife\/\"\n\t\taria-label=\"Vida Nocturna\" \t>\n\t\n\t\t<img loading=\"lazy\" decoding=\"async\" width=\"1200\" height=\"1000\" src=\"https:\/\/feeltourismexperiences.com\/wp-content\/uploads\/2025\/07\/NIGHTLIFE-1200x1000.webp\" class=\"wp-image-18115\" alt=\"\" \/>\n\t\t<div class=\"vp-portfolio__item-overlay\">\n\t\t\t\t\t<\/div>\n\n\t\t<\/a>\t<\/div>\n<\/div>\n\n\t<figcaption class=\"vp-portfolio__item-caption vp-portfolio__item-caption-text-align-center\">\n\t\t<div class=\"vp-portfolio__item-meta\">\n\t\t\t\n<h5 class=\"vp-portfolio__item-meta-title\">\n\t\t<a\n\t\thref=\"https:\/\/feeltourismexperiences.com\/es\/city_guide\/nightlife\/\"\n\t\t\t>\n\tVida Nocturna<\/a><\/h5>\n\t\t<\/div>\n\t<\/figcaption>\n\t\t\t<\/figure>\n\t\t\t\t\t<\/article>\n\t\t\n\t\t<article\t\tclass=\"vp-portfolio__item-wrap post-18629 city_guide type-city_guide status-publish format-link has-post-thumbnail hentry post_format-post-format-link location-medellin-es vp-portfolio__item-uid-2c9ed31b\" data-vp-filter=\"\" \t\t>\n\t\t\t\t\t\t\t\t\t<figure class=\"vp-portfolio__item\">\n\t\t\t\t\n<div class=\"vp-portfolio__item-img-wrap\">\n\t<div class=\"vp-portfolio__item-img\">\n\t\t\t<a\n\t\thref=\"https:\/\/feeltourismexperiences.com\/es\/city_guide\/investments\/\"\n\t\taria-label=\"Inversiones\" \t>\n\t\n\t\t<img loading=\"lazy\" decoding=\"async\" width=\"1200\" height=\"1000\" src=\"https:\/\/feeltourismexperiences.com\/wp-content\/uploads\/2025\/07\/INVESTMENTS-1200x1000.webp\" class=\"wp-image-18117\" alt=\"\" \/>\n\t\t<div class=\"vp-portfolio__item-overlay\">\n\t\t\t\t\t<\/div>\n\n\t\t<\/a>\t<\/div>\n<\/div>\n\n\t<figcaption class=\"vp-portfolio__item-caption vp-portfolio__item-caption-text-align-center\">\n\t\t<div class=\"vp-portfolio__item-meta\">\n\t\t\t\n<h5 class=\"vp-portfolio__item-meta-title\">\n\t\t<a\n\t\thref=\"https:\/\/feeltourismexperiences.com\/es\/city_guide\/investments\/\"\n\t\t\t>\n\tInversiones<\/a><\/h5>\n\t\t<\/div>\n\t<\/figcaption>\n\t\t\t<\/figure>\n\t\t\t\t\t<\/article>\n\t\t\n\t\t<article\t\tclass=\"vp-portfolio__item-wrap post-18627 city_guide type-city_guide status-publish format-link has-post-thumbnail hentry post_format-post-format-link location-medellin-es vp-portfolio__item-uid-cb26fe1c\" data-vp-filter=\"\" \t\t>\n\t\t\t\t\t\t\t\t\t<figure class=\"vp-portfolio__item\">\n\t\t\t\t\n<div class=\"vp-portfolio__item-img-wrap\">\n\t<div class=\"vp-portfolio__item-img\">\n\t\t\t<a\n\t\thref=\"https:\/\/feeltourismexperiences.com\/es\/city_guide\/beauty-salons-formalwear\/\"\n\t\taria-label=\"Salones de Belleza y Trajes\" \t>\n\t\n\t\t<img loading=\"lazy\" decoding=\"async\" width=\"1200\" height=\"1000\" src=\"https:\/\/feeltourismexperiences.com\/wp-content\/uploads\/2025\/07\/BEAUTY-SALONS-FORMALWEAR-1200x1000.webp\" class=\"wp-image-18125\" alt=\"\" \/>\n\t\t<div class=\"vp-portfolio__item-overlay\">\n\t\t\t\t\t<\/div>\n\n\t\t<\/a>\t<\/div>\n<\/div>\n\n\t<figcaption class=\"vp-portfolio__item-caption vp-portfolio__item-caption-text-align-center\">\n\t\t<div class=\"vp-portfolio__item-meta\">\n\t\t\t\n<h5 class=\"vp-portfolio__item-meta-title\">\n\t\t<a\n\t\thref=\"https:\/\/feeltourismexperiences.com\/es\/city_guide\/beauty-salons-formalwear\/\"\n\t\t\t>\n\tSalones de Belleza y Trajes<\/a><\/h5>\n\t\t<\/div>\n\t<\/figcaption>\n\t\t\t<\/figure>\n\t\t\t\t\t<\/article>\n\t\t\n\t\t<article\t\tclass=\"vp-portfolio__item-wrap post-18626 city_guide type-city_guide status-publish format-link has-post-thumbnail hentry post_format-post-format-link location-medellin-es vp-portfolio__item-uid-bc21ce8a\" data-vp-filter=\"\" \t\t>\n\t\t\t\t\t\t\t\t\t<figure class=\"vp-portfolio__item\">\n\t\t\t\t\n<div class=\"vp-portfolio__item-img-wrap\">\n\t<div class=\"vp-portfolio__item-img\">\n\t\t\t<a\n\t\thref=\"https:\/\/feeltourismexperiences.com\/es\/city_guide\/transportation\/\"\n\t\taria-label=\"Transporte\" \t>\n\t\n\t\t<img loading=\"lazy\" decoding=\"async\" width=\"1200\" height=\"1000\" src=\"https:\/\/feeltourismexperiences.com\/wp-content\/uploads\/2025\/07\/TRANSPORTATION-1200x1000.webp\" class=\"wp-image-18131\" alt=\"\" \/>\n\t\t<div class=\"vp-portfolio__item-overlay\">\n\t\t\t\t\t<\/div>\n\n\t\t<\/a>\t<\/div>\n<\/div>\n\n\t<figcaption class=\"vp-portfolio__item-caption vp-portfolio__item-caption-text-align-center\">\n\t\t<div class=\"vp-portfolio__item-meta\">\n\t\t\t\n<h5 class=\"vp-portfolio__item-meta-title\">\n\t\t<a\n\t\thref=\"https:\/\/feeltourismexperiences.com\/es\/city_guide\/transportation\/\"\n\t\t\t>\n\tTransporte<\/a><\/h5>\n\t\t<\/div>\n\t<\/figcaption>\n\t\t\t<\/figure>\n\t\t\t\t\t<\/article>\n\t\t\n\t\t<article\t\tclass=\"vp-portfolio__item-wrap post-18623 city_guide type-city_guide status-publish format-link has-post-thumbnail hentry post_format-post-format-link location-medellin-es vp-portfolio__item-uid-cc4b3a05\" data-vp-filter=\"\" \t\t>\n\t\t\t\t\t\t\t\t\t<figure class=\"vp-portfolio__item\">\n\t\t\t\t\n<div class=\"vp-portfolio__item-img-wrap\">\n\t<div class=\"vp-portfolio__item-img\">\n\t\t\t<a\n\t\thref=\"https:\/\/feeltourismexperiences.com\/es\/city_guide\/banks-currency-exchange\/\"\n\t\taria-label=\"Bancos y casas de cambio\" \t>\n\t\n\t\t<img loading=\"lazy\" decoding=\"async\" width=\"1200\" height=\"1000\" src=\"https:\/\/feeltourismexperiences.com\/wp-content\/uploads\/2025\/07\/BANKS-CURRENCY-EXCHANGE-1200x1000.webp\" class=\"wp-image-18127\" alt=\"\" \/>\n\t\t<div class=\"vp-portfolio__item-overlay\">\n\t\t\t\t\t<\/div>\n\n\t\t<\/a>\t<\/div>\n<\/div>\n\n\t<figcaption class=\"vp-portfolio__item-caption vp-portfolio__item-caption-text-align-center\">\n\t\t<div class=\"vp-portfolio__item-meta\">\n\t\t\t\n<h5 class=\"vp-portfolio__item-meta-title\">\n\t\t<a\n\t\thref=\"https:\/\/feeltourismexperiences.com\/es\/city_guide\/banks-currency-exchange\/\"\n\t\t\t>\n\tBancos y casas de cambio<\/a><\/h5>\n\t\t<\/div>\n\t<\/figcaption>\n\t\t\t<\/figure>\n\t\t\t\t\t<\/article>\n\t\t\n<\/div>\n\t\t<\/div>\n\t\t\t\t<div class=\"vp-portfolio__layout-elements vp-portfolio__layout-elements-bottom vp-portfolio__layout-elements-align-center\">\n\t\t\t\t<div class=\"vp-portfolio__pagination-wrap\">\n\t\t\n<div class=\"vp-pagination vp-pagination__no-more vp-pagination__style-minimal\" data-vp-pagination-type=\"infinite\">\n\t<div class=\"vp-pagination__item\">\n\t\t<a class=\"vp-pagination__load-more\" href=\"\">\n\t\t\t<span>Load More<\/span>\n\t\t\t<span class=\"vp-pagination__load-more-loading\"><span class=\"vp-spinner\"><\/span><span class=\"vp-screen-reader-text\"> Loading More...<\/span><\/span>\n\t\t\t<span class=\"vp-pagination__load-more-no-more\"><\/span>\n\t\t<\/a>\n\t<\/div>\n<\/div>\n\t\t<\/div>\n\t\t\t\t<\/div>\n\t\t\n<\/div>\n\t\t\t\t\t<\/div>\n\t\t\t\t\t\t<\/div>\n\t\t\t\t<\/div>\n\t\t\t\t\t<\/div>\n\t\t\t\t<\/div>\n\t\t\t\t<\/div>\n\t\t","protected":false},"excerpt":{"rendered":"<p>Bienvenidos a uno de las ciudades m\u00e1s vibrantes y en tendencia del mundo. En esta gu\u00eda, te ofrecemos una selecci\u00f3n exclusiva de los lugares m\u00e1s recomendados de Medell\u00edn y su \u00e1rea metropolitana, abarcando diversos rubros para enriquecer tu experiencia en la ciudad. Cada recomendaci\u00f3n ha sido cuidadosamente elegida, asegurando que disfrutes de lo mejor, con [&hellip;]<\/p>\n","protected":false},"author":1,"featured_media":17048,"parent":0,"menu_order":0,"comment_status":"closed","ping_status":"closed","template":"template-blank.php","meta":{"_vp_format_video_url":"","_vp_image_focal_point":[],"_joinchat":[],"footnotes":""},"class_list":["post-18560","page","type-page","status-publish","has-post-thumbnail","hentry"],"_links":{"self":[{"href":"https:\/\/feeltourismexperiences.com\/es\/wp-json\/wp\/v2\/pages\/18560","targetHints":{"allow":["GET"]}}],"collection":[{"href":"https:\/\/feeltourismexperiences.com\/es\/wp-json\/wp\/v2\/pages"}],"about":[{"href":"https:\/\/feeltourismexperiences.com\/es\/wp-json\/wp\/v2\/types\/page"}],"author":[{"embeddable":true,"href":"https:\/\/feeltourismexperiences.com\/es\/wp-json\/wp\/v2\/users\/1"}],"replies":[{"embeddable":true,"href":"https:\/\/feeltourismexperiences.com\/es\/wp-json\/wp\/v2\/comments?post=18560"}],"version-history":[{"count":7,"href":"https:\/\/feeltourismexperiences.com\/es\/wp-json\/wp\/v2\/pages\/18560\/revisions"}],"predecessor-version":[{"id":18581,"href":"https:\/\/feeltourismexperiences.com\/es\/wp-json\/wp\/v2\/pages\/18560\/revisions\/18581"}],"wp:featuredmedia":[{"embeddable":true,"href":"https:\/\/feeltourismexperiences.com\/es\/wp-json\/wp\/v2\/media\/17048"}],"wp:attachment":[{"href":"https:\/\/feeltourismexperiences.com\/es\/wp-json\/wp\/v2\/media?parent=18560"}],"curies":[{"name":"wp","href":"https:\/\/api.w.org\/{rel}","templated":true}]}}