{"id":18582,"date":"2025-07-18T15:46:32","date_gmt":"2025-07-18T20:46:32","guid":{"rendered":"https:\/\/feeltourismexperiences.com\/?page_id=18582"},"modified":"2025-07-30T12:26:33","modified_gmt":"2025-07-30T17:26:33","slug":"salones-de-belleza-y-trajes","status":"publish","type":"page","link":"https:\/\/feeltourismexperiences.com\/es\/guia-de-ciudad-medellin\/salones-de-belleza-y-trajes\/","title":{"rendered":"Salones de belleza y trajes"},"content":{"rendered":"\t\t<div data-elementor-type=\"wp-page\" data-elementor-id=\"18582\" class=\"elementor elementor-18582 elementor-18169\">\n\t\t\t\t<div class=\"elementor-element elementor-element-107a385 e-flex e-con-boxed e-con e-parent\" data-id=\"107a385\" data-element_type=\"container\" data-e-type=\"container\">\n\t\t\t\t\t<div class=\"e-con-inner\">\n\t\t\t\t<div class=\"elementor-element elementor-element-e5c5d05 elementor-widget elementor-widget-heading\" data-id=\"e5c5d05\" data-element_type=\"widget\" data-e-type=\"widget\" data-widget_type=\"heading.default\">\n\t\t\t\t<div class=\"elementor-widget-container\">\n\t\t\t\t\t<h2 class=\"elementor-heading-title elementor-size-default\">Esta categor\u00eda es especialmente pensada para quienes visitaron Medell\u00edn con motivo de alg\u00fan evento especial. Descubre aqu\u00ed las opciones m\u00e1s destacadas que la ciudad tiene para ofrecer en esta ocasi\u00f3n.<\/h2>\t\t\t\t<\/div>\n\t\t\t\t<\/div>\n\t\t\t\t<div class=\"elementor-element elementor-element-af0f138 elementor-widget__width-inherit elementor-widget elementor-widget-visual-portfolio\" data-id=\"af0f138\" data-element_type=\"widget\" data-e-type=\"widget\" data-widget_type=\"visual-portfolio.default\">\n\t\t\t\t<div class=\"elementor-widget-container\">\n\t\t\t\t\t\t\t<div\n\t\t\t\t\t>\n\t\t\t\t\t\t\t\n<div class=\"vp-portfolio vp-uid-7bab17e1 vp-id-17982 \"\n\tdata-vp-layout=\"tiles\" data-vp-content-source=\"post-based\" data-vp-items-style=\"default\" data-vp-items-click-action=\"url\" data-vp-items-gap=\"15\" data-vp-items-gap-vertical=\"60\" data-vp-pagination=\"infinite\" data-vp-next-page-url=\"\" data-vp-tiles-type=\"3|1,0.8|\" >\n\t<div class=\"vp-portfolio__preloader-wrap\">\n\t\t<div class=\"vp-portfolio__preloader\">\n\t\t\t<img decoding=\"async\" loading=\"eager\" src=\"https:\/\/feeltourismexperiences.com\/wp-content\/plugins\/visual-portfolio\/assets\/images\/logo-dark.svg\" alt=\"Visual Portfolio, Posts &amp; Image Gallery para WordPress\" width=\"20\" height=\"20\" data-skip-lazy>\n\t\t<\/div>\n\t<\/div>\n\t\t<div class=\"vp-portfolio__layout-elements vp-portfolio__layout-elements-top vp-portfolio__layout-elements-align-center\">\n\t\t\t\t<div class=\"vp-portfolio__filter-wrap\">\n\t\t\n<div class=\"vp-filter vp-filter__style-minimal\">\n\t\t\t<div class=\"vp-filter__item vp-filter__item-active\">\n\t\t\t<a href=\"https:\/\/feeltourismexperiences.com\/es\/wp-json\/wp\/v2\/pages\/18582\" data-vp-filter=\"*\">\n\t\t\t\tTodos\n\t\t\t\t\t\t\t<\/a>\n\t\t<\/div>\n\t\t\t\t<div class=\"vp-filter__item\">\n\t\t\t<a href=\"https:\/\/feeltourismexperiences.com\/es\/wp-json\/wp\/v2\/pages\/18582?vp_filter=beauty_styles%3Aalquiler-de-vestidos\" data-vp-filter=\"alquiler-de-vestidos\">\n\t\t\t\tAlquiler de Vestidos\n\t\t\t\t\t\t\t<\/a>\n\t\t<\/div>\n\t\t\t\t<div class=\"vp-filter__item\">\n\t\t\t<a href=\"https:\/\/feeltourismexperiences.com\/es\/wp-json\/wp\/v2\/pages\/18582?vp_filter=beauty_styles%3Abarberia\" data-vp-filter=\"barberia\">\n\t\t\t\tBarber\u00eda\n\t\t\t\t\t\t\t<\/a>\n\t\t<\/div>\n\t\t\t\t<div class=\"vp-filter__item\">\n\t\t\t<a href=\"https:\/\/feeltourismexperiences.com\/es\/wp-json\/wp\/v2\/pages\/18582?vp_filter=beauty_styles%3Asalon-de-belleza\" data-vp-filter=\"salon-de-belleza\">\n\t\t\t\tSal\u00f3n de belleza\n\t\t\t\t\t\t\t<\/a>\n\t\t<\/div>\n\t\t<\/div>\n\t\t<\/div>\n\t\t\t\t<\/div>\n\t\t\t\t<div class=\"vp-portfolio__items-wrap\">\n\t\t\t\n<div class=\"vp-portfolio__items vp-portfolio__items-style-default vp-portfolio__items-show-overlay-hover\">\n\n\t\t<article\t\tclass=\"vp-portfolio__item-wrap post-18668 beauty-formalwear type-beauty-formalwear status-publish format-standard has-post-thumbnail hentry beauty_styles-alquiler-de-vestidos location-medellin-es vp-portfolio__item-uid-3ff52689\" data-vp-filter=\"alquiler-de-vestidos\" \t\t>\n\t\t\t\t\t\t\t\t\t<figure class=\"vp-portfolio__item\">\n\t\t\t\t\n<div class=\"vp-portfolio__item-img-wrap\">\n\t<div class=\"vp-portfolio__item-img\">\n\t\t\t<a\n\t\thref=\"https:\/\/feeltourismexperiences.com\/es\/beauty-formalwear\/velvet-alquiler-de-vestidos\/\"\n\t\taria-label=\"Velvet Alquiler de Vestidos\" \t>\n\t\n\t\t<img fetchpriority=\"high\" decoding=\"async\" width=\"1200\" height=\"1000\" src=\"https:\/\/feeltourismexperiences.com\/wp-content\/uploads\/2025\/07\/Velvet-Alquiler-de-Vestidos_XnConvert-1-1200x1000.webp\" class=\"wp-image-18665\" alt=\"\" \/>\n\t\t<div class=\"vp-portfolio__item-overlay\">\n\t\t\t\t\t<\/div>\n\n\t\t<\/a>\t<\/div>\n<\/div>\n\n\t<figcaption class=\"vp-portfolio__item-caption vp-portfolio__item-caption-text-align-center\">\n\t\t<div class=\"vp-portfolio__item-meta\">\n\t\t\t\n<h5 class=\"vp-portfolio__item-meta-title\">\n\t\t<a\n\t\thref=\"https:\/\/feeltourismexperiences.com\/es\/beauty-formalwear\/velvet-alquiler-de-vestidos\/\"\n\t\t\t>\n\tVelvet Alquiler de Vestidos<\/a><\/h5>\n\n<div class=\"vp-portfolio__item-meta-excerpt\">\n\t<div>\n\t\t<p>Carrera 25 #12 Sur - 59, Oficina 224, Medell\u00edn<br \/>\n@velvetalquilerdevestidos<\/p>\n\t<\/div>\n<\/div>\n\t\t<\/div>\n\t<\/figcaption>\n\t\t\t<\/figure>\n\t\t\t\t\t<\/article>\n\t\t\n\t\t<article\t\tclass=\"vp-portfolio__item-wrap post-18672 beauty-formalwear type-beauty-formalwear status-publish format-standard has-post-thumbnail hentry beauty_styles-barberia location-medellin-es vp-portfolio__item-uid-c63bfed6\" data-vp-filter=\"barberia\" \t\t>\n\t\t\t\t\t\t\t\t\t<figure class=\"vp-portfolio__item\">\n\t\t\t\t\n<div class=\"vp-portfolio__item-img-wrap\">\n\t<div class=\"vp-portfolio__item-img\">\n\t\t\t<a\n\t\thref=\"https:\/\/feeltourismexperiences.com\/es\/beauty-formalwear\/rebel-barbers-massage\/\"\n\t\taria-label=\"Rebel Barbers &#038; Massage\" \t>\n\t\n\t\t<img decoding=\"async\" width=\"1200\" height=\"1000\" src=\"https:\/\/feeltourismexperiences.com\/wp-content\/uploads\/2025\/07\/Rebel-Barbers-Massage_XnConvert-1-1200x1000.webp\" class=\"wp-image-18663\" alt=\"\" \/>\n\t\t<div class=\"vp-portfolio__item-overlay\">\n\t\t\t\t\t<\/div>\n\n\t\t<\/a>\t<\/div>\n<\/div>\n\n\t<figcaption class=\"vp-portfolio__item-caption vp-portfolio__item-caption-text-align-center\">\n\t\t<div class=\"vp-portfolio__item-meta\">\n\t\t\t\n<h5 class=\"vp-portfolio__item-meta-title\">\n\t\t<a\n\t\thref=\"https:\/\/feeltourismexperiences.com\/es\/beauty-formalwear\/rebel-barbers-massage\/\"\n\t\t\t>\n\tRebel Barbers &#038; Massage<\/a><\/h5>\n\n<div class=\"vp-portfolio__item-meta-excerpt\">\n\t<div>\n\t\t<p>Carrera 39 #8-42, El Poblado, Medell\u00edn<br \/>\n@rebelbarbers_<\/p>\n\t<\/div>\n<\/div>\n\t\t<\/div>\n\t<\/figcaption>\n\t\t\t<\/figure>\n\t\t\t\t\t<\/article>\n\t\t\n\t\t<article\t\tclass=\"vp-portfolio__item-wrap post-18676 beauty-formalwear type-beauty-formalwear status-publish format-standard has-post-thumbnail hentry beauty_styles-salon-de-belleza location-medellin-es vp-portfolio__item-uid-c1563acf\" data-vp-filter=\"salon-de-belleza\" \t\t>\n\t\t\t\t\t\t\t\t\t<figure class=\"vp-portfolio__item\">\n\t\t\t\t\n<div class=\"vp-portfolio__item-img-wrap\">\n\t<div class=\"vp-portfolio__item-img\">\n\t\t\t<a\n\t\thref=\"https:\/\/feeltourismexperiences.com\/es\/beauty-formalwear\/luxury-concept-peluqueria-y-spa\/\"\n\t\taria-label=\"Luxury Concept Peluquer\u00eda y Spa\" \t>\n\t\n\t\t<img decoding=\"async\" width=\"1200\" height=\"1000\" src=\"https:\/\/feeltourismexperiences.com\/wp-content\/uploads\/2025\/07\/Luxury-Concept-Peluqueria-y-Spa_XnConvert-1-1200x1000.webp\" class=\"wp-image-18661\" alt=\"\" \/>\n\t\t<div class=\"vp-portfolio__item-overlay\">\n\t\t\t\t\t<\/div>\n\n\t\t<\/a>\t<\/div>\n<\/div>\n\n\t<figcaption class=\"vp-portfolio__item-caption vp-portfolio__item-caption-text-align-center\">\n\t\t<div class=\"vp-portfolio__item-meta\">\n\t\t\t\n<h5 class=\"vp-portfolio__item-meta-title\">\n\t\t<a\n\t\thref=\"https:\/\/feeltourismexperiences.com\/es\/beauty-formalwear\/luxury-concept-peluqueria-y-spa\/\"\n\t\t\t>\n\tLuxury Concept Peluquer\u00eda y Spa<\/a><\/h5>\n\n<div class=\"vp-portfolio__item-meta-excerpt\">\n\t<div>\n\t\t<p>Calle 10 #36-32, El Poblado, Medell\u00edn<br \/>\n@luxuryconceptmedellin<\/p>\n\t<\/div>\n<\/div>\n\t\t<\/div>\n\t<\/figcaption>\n\t\t\t<\/figure>\n\t\t\t\t\t<\/article>\n\t\t\n\t\t<article\t\tclass=\"vp-portfolio__item-wrap post-18674 beauty-formalwear type-beauty-formalwear status-publish format-standard has-post-thumbnail hentry beauty_styles-salon-de-belleza location-medellin-es vp-portfolio__item-uid-2f585be3\" data-vp-filter=\"salon-de-belleza\" \t\t>\n\t\t\t\t\t\t\t\t\t<figure class=\"vp-portfolio__item\">\n\t\t\t\t\n<div class=\"vp-portfolio__item-img-wrap\">\n\t<div class=\"vp-portfolio__item-img\">\n\t\t\t<a\n\t\thref=\"https:\/\/feeltourismexperiences.com\/es\/beauty-formalwear\/javier-suarez-salon\/\"\n\t\taria-label=\"Javier Su\u00e1rez Sal\u00f3n\" \t>\n\t\n\t\t<img loading=\"lazy\" decoding=\"async\" width=\"1200\" height=\"1000\" src=\"https:\/\/feeltourismexperiences.com\/wp-content\/uploads\/2025\/07\/Javier-Suarez-Salon_XnConvert-1-1200x1000.webp\" class=\"wp-image-18659\" alt=\"\" \/>\n\t\t<div class=\"vp-portfolio__item-overlay\">\n\t\t\t\t\t<\/div>\n\n\t\t<\/a>\t<\/div>\n<\/div>\n\n\t<figcaption class=\"vp-portfolio__item-caption vp-portfolio__item-caption-text-align-center\">\n\t\t<div class=\"vp-portfolio__item-meta\">\n\t\t\t\n<h5 class=\"vp-portfolio__item-meta-title\">\n\t\t<a\n\t\thref=\"https:\/\/feeltourismexperiences.com\/es\/beauty-formalwear\/javier-suarez-salon\/\"\n\t\t\t>\n\tJavier Su\u00e1rez Sal\u00f3n<\/a><\/h5>\n\n<div class=\"vp-portfolio__item-meta-excerpt\">\n\t<div>\n\t\t<p>Carrera 43A #11-113, El Poblado, Medell\u00edn<br \/>\n@javiersuarezsalon<\/p>\n\t<\/div>\n<\/div>\n\t\t<\/div>\n\t<\/figcaption>\n\t\t\t<\/figure>\n\t\t\t\t\t<\/article>\n\t\t\n\t\t<article\t\tclass=\"vp-portfolio__item-wrap post-18666 beauty-formalwear type-beauty-formalwear status-publish format-standard has-post-thumbnail hentry beauty_styles-alquiler-de-vestidos location-medellin-es vp-portfolio__item-uid-d84d0b8e\" data-vp-filter=\"alquiler-de-vestidos\" \t\t>\n\t\t\t\t\t\t\t\t\t<figure class=\"vp-portfolio__item\">\n\t\t\t\t\n<div class=\"vp-portfolio__item-img-wrap\">\n\t<div class=\"vp-portfolio__item-img\">\n\t\t\t<a\n\t\thref=\"https:\/\/feeltourismexperiences.com\/es\/beauty-formalwear\/casa-paris\/\"\n\t\taria-label=\"Casa Par\u00eds\" \t>\n\t\n\t\t<img loading=\"lazy\" decoding=\"async\" width=\"1200\" height=\"1000\" src=\"https:\/\/feeltourismexperiences.com\/wp-content\/uploads\/2025\/07\/Casa-Paris_XnConvert-1-1200x1000.webp\" class=\"wp-image-18657\" alt=\"\" \/>\n\t\t<div class=\"vp-portfolio__item-overlay\">\n\t\t\t\t\t<\/div>\n\n\t\t<\/a>\t<\/div>\n<\/div>\n\n\t<figcaption class=\"vp-portfolio__item-caption vp-portfolio__item-caption-text-align-center\">\n\t\t<div class=\"vp-portfolio__item-meta\">\n\t\t\t\n<h5 class=\"vp-portfolio__item-meta-title\">\n\t\t<a\n\t\thref=\"https:\/\/feeltourismexperiences.com\/es\/beauty-formalwear\/casa-paris\/\"\n\t\t\t>\n\tCasa Par\u00eds<\/a><\/h5>\n\n<div class=\"vp-portfolio__item-meta-excerpt\">\n\t<div>\n\t\t<p>Cr 43 a # 50 d sur - 10<br \/>\nwww.casaparis.com.co<\/p>\n\t<\/div>\n<\/div>\n\t\t<\/div>\n\t<\/figcaption>\n\t\t\t<\/figure>\n\t\t\t\t\t<\/article>\n\t\t\n\t\t<article\t\tclass=\"vp-portfolio__item-wrap post-18670 beauty-formalwear type-beauty-formalwear status-publish format-standard has-post-thumbnail hentry beauty_styles-barberia location-medellin-es vp-portfolio__item-uid-28359ffa\" data-vp-filter=\"barberia\" \t\t>\n\t\t\t\t\t\t\t\t\t<figure class=\"vp-portfolio__item\">\n\t\t\t\t\n<div class=\"vp-portfolio__item-img-wrap\">\n\t<div class=\"vp-portfolio__item-img\">\n\t\t\t<a\n\t\thref=\"https:\/\/feeltourismexperiences.com\/es\/beauty-formalwear\/barberia-rand\/\"\n\t\taria-label=\"Barber\u00eda Rand\" \t>\n\t\n\t\t<img loading=\"lazy\" decoding=\"async\" width=\"1200\" height=\"1000\" src=\"https:\/\/feeltourismexperiences.com\/wp-content\/uploads\/2025\/07\/Barberia-Rand_XnConvert-1-1200x1000.webp\" class=\"wp-image-18655\" alt=\"\" \/>\n\t\t<div class=\"vp-portfolio__item-overlay\">\n\t\t\t\t\t<\/div>\n\n\t\t<\/a>\t<\/div>\n<\/div>\n\n\t<figcaption class=\"vp-portfolio__item-caption vp-portfolio__item-caption-text-align-center\">\n\t\t<div class=\"vp-portfolio__item-meta\">\n\t\t\t\n<h5 class=\"vp-portfolio__item-meta-title\">\n\t\t<a\n\t\thref=\"https:\/\/feeltourismexperiences.com\/es\/beauty-formalwear\/barberia-rand\/\"\n\t\t\t>\n\tBarber\u00eda Rand<\/a><\/h5>\n\n<div class=\"vp-portfolio__item-meta-excerpt\">\n\t<div>\n\t\t<p>Carrera 32 #47, Medell\u00edn<br \/>\nwww.barberiarand.com<\/p>\n\t<\/div>\n<\/div>\n\t\t<\/div>\n\t<\/figcaption>\n\t\t\t<\/figure>\n\t\t\t\t\t<\/article>\n\t\t\n<\/div>\n\t\t<\/div>\n\t\t\t\t<div class=\"vp-portfolio__layout-elements vp-portfolio__layout-elements-bottom vp-portfolio__layout-elements-align-center\">\n\t\t\t\t<div class=\"vp-portfolio__pagination-wrap\">\n\t\t\n<div class=\"vp-pagination vp-pagination__no-more vp-pagination__style-minimal\" data-vp-pagination-type=\"infinite\">\n\t<div class=\"vp-pagination__item\">\n\t\t<a class=\"vp-pagination__load-more\" href=\"\">\n\t\t\t<span>Load More<\/span>\n\t\t\t<span class=\"vp-pagination__load-more-loading\"><span class=\"vp-spinner\"><\/span><span class=\"vp-screen-reader-text\"> Loading More...<\/span><\/span>\n\t\t\t<span class=\"vp-pagination__load-more-no-more\"><\/span>\n\t\t<\/a>\n\t<\/div>\n<\/div>\n\t\t<\/div>\n\t\t\t\t<\/div>\n\t\t\n<\/div>\n\t\t\t\t\t<\/div>\n\t\t\t\t\t\t<\/div>\n\t\t\t\t<\/div>\n\t\t\t\t\t<\/div>\n\t\t\t\t<\/div>\n\t\t\t\t<\/div>\n\t\t","protected":false},"excerpt":{"rendered":"<p>Esta categor\u00eda es especialmente pensada para quienes visitaron Medell\u00edn con motivo de alg\u00fan evento especial. Descubre aqu\u00ed las opciones m\u00e1s destacadas que la ciudad tiene para ofrecer en esta ocasi\u00f3n.<\/p>\n","protected":false},"author":1,"featured_media":17048,"parent":18560,"menu_order":0,"comment_status":"closed","ping_status":"closed","template":"template-blank.php","meta":{"_vp_format_video_url":"","_vp_image_focal_point":[],"_joinchat":[],"footnotes":""},"class_list":["post-18582","page","type-page","status-publish","has-post-thumbnail","hentry"],"_links":{"self":[{"href":"https:\/\/feeltourismexperiences.com\/es\/wp-json\/wp\/v2\/pages\/18582","targetHints":{"allow":["GET"]}}],"collection":[{"href":"https:\/\/feeltourismexperiences.com\/es\/wp-json\/wp\/v2\/pages"}],"about":[{"href":"https:\/\/feeltourismexperiences.com\/es\/wp-json\/wp\/v2\/types\/page"}],"author":[{"embeddable":true,"href":"https:\/\/feeltourismexperiences.com\/es\/wp-json\/wp\/v2\/users\/1"}],"replies":[{"embeddable":true,"href":"https:\/\/feeltourismexperiences.com\/es\/wp-json\/wp\/v2\/comments?post=18582"}],"version-history":[{"count":4,"href":"https:\/\/feeltourismexperiences.com\/es\/wp-json\/wp\/v2\/pages\/18582\/revisions"}],"predecessor-version":[{"id":18593,"href":"https:\/\/feeltourismexperiences.com\/es\/wp-json\/wp\/v2\/pages\/18582\/revisions\/18593"}],"up":[{"embeddable":true,"href":"https:\/\/feeltourismexperiences.com\/es\/wp-json\/wp\/v2\/pages\/18560"}],"wp:featuredmedia":[{"embeddable":true,"href":"https:\/\/feeltourismexperiences.com\/es\/wp-json\/wp\/v2\/media\/17048"}],"wp:attachment":[{"href":"https:\/\/feeltourismexperiences.com\/es\/wp-json\/wp\/v2\/media?parent=18582"}],"curies":[{"name":"wp","href":"https:\/\/api.w.org\/{rel}","templated":true}]}}