{"id":18586,"date":"2025-07-18T15:46:20","date_gmt":"2025-07-18T20:46:20","guid":{"rendered":"https:\/\/feeltourismexperiences.com\/?page_id=18586"},"modified":"2025-07-30T12:46:18","modified_gmt":"2025-07-30T17:46:18","slug":"inversiones","status":"publish","type":"page","link":"https:\/\/feeltourismexperiences.com\/es\/guia-de-ciudad-medellin\/inversiones\/","title":{"rendered":"Inversiones"},"content":{"rendered":"\t\t<div data-elementor-type=\"wp-page\" data-elementor-id=\"18586\" class=\"elementor elementor-18586 elementor-18170\">\n\t\t\t\t<div class=\"elementor-element elementor-element-107a385 e-flex e-con-boxed e-con e-parent\" data-id=\"107a385\" data-element_type=\"container\" data-e-type=\"container\">\n\t\t\t\t\t<div class=\"e-con-inner\">\n\t\t\t\t<div class=\"elementor-element elementor-element-e5c5d05 elementor-widget elementor-widget-heading\" data-id=\"e5c5d05\" data-element_type=\"widget\" data-e-type=\"widget\" data-widget_type=\"heading.default\">\n\t\t\t\t<div class=\"elementor-widget-container\">\n\t\t\t\t\t<h2 class=\"elementor-heading-title elementor-size-default\">Explora nuestra categor\u00eda de inversiones en Colombia, donde el crecimiento financiero se encuentra con oportunidades s\u00f3lidas. Desde inversiones tradicionales hasta oportunidades emergentes, cada alternativa est\u00e1 dise\u00f1ada para potenciar tu cartera.<\/h2>\t\t\t\t<\/div>\n\t\t\t\t<\/div>\n\t\t\t\t<div class=\"elementor-element elementor-element-af0f138 elementor-widget__width-inherit elementor-widget elementor-widget-visual-portfolio\" data-id=\"af0f138\" data-element_type=\"widget\" data-e-type=\"widget\" data-widget_type=\"visual-portfolio.default\">\n\t\t\t\t<div class=\"elementor-widget-container\">\n\t\t\t\t\t\t\t<div\n\t\t\t\t\t>\n\t\t\t\t\t\t\t\n<div class=\"vp-portfolio vp-uid-95a576cd vp-id-17980 \"\n\tdata-vp-layout=\"tiles\" data-vp-content-source=\"post-based\" data-vp-items-style=\"default\" data-vp-items-click-action=\"url\" data-vp-items-gap=\"15\" data-vp-items-gap-vertical=\"60\" data-vp-pagination=\"infinite\" data-vp-next-page-url=\"\" data-vp-tiles-type=\"3|1,0.8|\" >\n\t<div class=\"vp-portfolio__preloader-wrap\">\n\t\t<div class=\"vp-portfolio__preloader\">\n\t\t\t<img decoding=\"async\" loading=\"eager\" src=\"https:\/\/feeltourismexperiences.com\/wp-content\/plugins\/visual-portfolio\/assets\/images\/logo-dark.svg\" alt=\"Visual Portfolio, Posts &amp; Image Gallery para WordPress\" width=\"20\" height=\"20\" data-skip-lazy>\n\t\t<\/div>\n\t<\/div>\n\t\t<div class=\"vp-portfolio__layout-elements vp-portfolio__layout-elements-top vp-portfolio__layout-elements-align-center\">\n\t\t\t\t<div class=\"vp-portfolio__filter-wrap\">\n\t\t\n<div class=\"vp-filter vp-filter__style-minimal\">\n\t\t\t<div class=\"vp-filter__item vp-filter__item-active\">\n\t\t\t<a href=\"https:\/\/feeltourismexperiences.com\/es\/wp-json\/wp\/v2\/pages\/18586\" data-vp-filter=\"*\">\n\t\t\t\tTodos\n\t\t\t\t\t\t\t<\/a>\n\t\t<\/div>\n\t\t\t\t<div class=\"vp-filter__item\">\n\t\t\t<a href=\"https:\/\/feeltourismexperiences.com\/es\/wp-json\/wp\/v2\/pages\/18586?vp_filter=investment_options%3Ainmobiliaria\" data-vp-filter=\"inmobiliaria\">\n\t\t\t\tInmobiliaria\n\t\t\t\t\t\t\t<\/a>\n\t\t<\/div>\n\t\t<\/div>\n\t\t<\/div>\n\t\t\t\t<\/div>\n\t\t\t\t<div class=\"vp-portfolio__items-wrap\">\n\t\t\t\n<div class=\"vp-portfolio__items vp-portfolio__items-style-default vp-portfolio__items-show-overlay-hover\">\n\n\t\t<article\t\tclass=\"vp-portfolio__item-wrap post-18688 investments type-investments status-publish format-standard has-post-thumbnail hentry investment_options-inmobiliaria location-medellin-es vp-portfolio__item-uid-a1760b07\" data-vp-filter=\"inmobiliaria\" \t\t>\n\t\t\t\t\t\t\t\t\t<figure class=\"vp-portfolio__item\">\n\t\t\t\t\n<div class=\"vp-portfolio__item-img-wrap\">\n\t<div class=\"vp-portfolio__item-img\">\n\t\t\t<a\n\t\thref=\"https:\/\/feeltourismexperiences.com\/es\/investments\/mubrick\/\"\n\t\taria-label=\"Mubrick\" \t>\n\t\n\t\t<img fetchpriority=\"high\" decoding=\"async\" width=\"1200\" height=\"1000\" src=\"https:\/\/feeltourismexperiences.com\/wp-content\/uploads\/2025\/07\/La-Haus-1200x1000.jpg\" class=\"wp-image-18700\" alt=\"\" \/>\n\t\t<div class=\"vp-portfolio__item-overlay\">\n\t\t\t\t\t<\/div>\n\n\t\t<\/a>\t<\/div>\n<\/div>\n\n\t<figcaption class=\"vp-portfolio__item-caption vp-portfolio__item-caption-text-align-center\">\n\t\t<div class=\"vp-portfolio__item-meta\">\n\t\t\t\n<h5 class=\"vp-portfolio__item-meta-title\">\n\t\t<a\n\t\thref=\"https:\/\/feeltourismexperiences.com\/es\/investments\/mubrick\/\"\n\t\t\t>\n\tMubrick<\/a><\/h5>\n\n<div class=\"vp-portfolio__item-meta-excerpt\">\n\t<div>\n\t\t<p>Medell\u00edn<br \/>\nwww.mubrickinmobiliaria.com<\/p>\n\t<\/div>\n<\/div>\n\t\t<\/div>\n\t<\/figcaption>\n\t\t\t<\/figure>\n\t\t\t\t\t<\/article>\n\t\t\n\t\t<article\t\tclass=\"vp-portfolio__item-wrap post-18692 investments type-investments status-publish format-standard has-post-thumbnail hentry investment_options-inmobiliaria location-medellin-es vp-portfolio__item-uid-58b8d358\" data-vp-filter=\"inmobiliaria\" \t\t>\n\t\t\t\t\t\t\t\t\t<figure class=\"vp-portfolio__item\">\n\t\t\t\t\n<div class=\"vp-portfolio__item-img-wrap\">\n\t<div class=\"vp-portfolio__item-img\">\n\t\t\t<a\n\t\thref=\"https:\/\/feeltourismexperiences.com\/es\/investments\/mi-habitat\/\"\n\t\taria-label=\"Mi H\u00e1bitat\" \t>\n\t\n\t\t<img decoding=\"async\" width=\"1200\" height=\"1000\" src=\"https:\/\/feeltourismexperiences.com\/wp-content\/uploads\/2025\/07\/Alberto-Alvarez-1-1200x1000.jpg\" class=\"wp-image-18702\" alt=\"\" \/>\n\t\t<div class=\"vp-portfolio__item-overlay\">\n\t\t\t\t\t<\/div>\n\n\t\t<\/a>\t<\/div>\n<\/div>\n\n\t<figcaption class=\"vp-portfolio__item-caption vp-portfolio__item-caption-text-align-center\">\n\t\t<div class=\"vp-portfolio__item-meta\">\n\t\t\t\n<h5 class=\"vp-portfolio__item-meta-title\">\n\t\t<a\n\t\thref=\"https:\/\/feeltourismexperiences.com\/es\/investments\/mi-habitat\/\"\n\t\t\t>\n\tMi H\u00e1bitat<\/a><\/h5>\n\n<div class=\"vp-portfolio__item-meta-excerpt\">\n\t<div>\n\t\t<p>Medell\u00edn<br \/>\nwww.mihabitat.co<\/p>\n\t<\/div>\n<\/div>\n\t\t<\/div>\n\t<\/figcaption>\n\t\t\t<\/figure>\n\t\t\t\t\t<\/article>\n\t\t\n\t\t<article\t\tclass=\"vp-portfolio__item-wrap post-18690 investments type-investments status-publish format-standard has-post-thumbnail hentry investment_options-inmobiliaria location-medellin-es vp-portfolio__item-uid-b6b6b274\" data-vp-filter=\"inmobiliaria\" \t\t>\n\t\t\t\t\t\t\t\t\t<figure class=\"vp-portfolio__item\">\n\t\t\t\t\n<div class=\"vp-portfolio__item-img-wrap\">\n\t<div class=\"vp-portfolio__item-img\">\n\t\t\t<a\n\t\thref=\"https:\/\/feeltourismexperiences.com\/es\/investments\/la-haus\/\"\n\t\taria-label=\"La Haus\" \t>\n\t\n\t\t<img decoding=\"async\" width=\"1200\" height=\"1000\" src=\"https:\/\/feeltourismexperiences.com\/wp-content\/uploads\/2025\/07\/Mubrick-1-1-1200x1000.jpg\" class=\"wp-image-18698\" alt=\"\" \/>\n\t\t<div class=\"vp-portfolio__item-overlay\">\n\t\t\t\t\t<\/div>\n\n\t\t<\/a>\t<\/div>\n<\/div>\n\n\t<figcaption class=\"vp-portfolio__item-caption vp-portfolio__item-caption-text-align-center\">\n\t\t<div class=\"vp-portfolio__item-meta\">\n\t\t\t\n<h5 class=\"vp-portfolio__item-meta-title\">\n\t\t<a\n\t\thref=\"https:\/\/feeltourismexperiences.com\/es\/investments\/la-haus\/\"\n\t\t\t>\n\tLa Haus<\/a><\/h5>\n\n<div class=\"vp-portfolio__item-meta-excerpt\">\n\t<div>\n\t\t<p>Medell\u00edn<br \/>\nwww.lahaus.co<\/p>\n\t<\/div>\n<\/div>\n\t\t<\/div>\n\t<\/figcaption>\n\t\t\t<\/figure>\n\t\t\t\t\t<\/article>\n\t\t\n\t\t<article\t\tclass=\"vp-portfolio__item-wrap post-18686 investments type-investments status-publish format-standard has-post-thumbnail hentry investment_options-inmobiliaria location-medellin-es vp-portfolio__item-uid-46ce2600\" data-vp-filter=\"inmobiliaria\" \t\t>\n\t\t\t\t\t\t\t\t\t<figure class=\"vp-portfolio__item\">\n\t\t\t\t\n<div class=\"vp-portfolio__item-img-wrap\">\n\t<div class=\"vp-portfolio__item-img\">\n\t\t\t<a\n\t\thref=\"https:\/\/feeltourismexperiences.com\/es\/investments\/alberto-alvarez\/\"\n\t\taria-label=\"Alberto \u00c1lvarez\" \t>\n\t\n\t\t<img loading=\"lazy\" decoding=\"async\" width=\"1200\" height=\"1000\" src=\"https:\/\/feeltourismexperiences.com\/wp-content\/uploads\/2025\/07\/Mi-Habitat-1-1200x1000.jpg\" class=\"wp-image-18696\" alt=\"\" \/>\n\t\t<div class=\"vp-portfolio__item-overlay\">\n\t\t\t\t\t<\/div>\n\n\t\t<\/a>\t<\/div>\n<\/div>\n\n\t<figcaption class=\"vp-portfolio__item-caption vp-portfolio__item-caption-text-align-center\">\n\t\t<div class=\"vp-portfolio__item-meta\">\n\t\t\t\n<h5 class=\"vp-portfolio__item-meta-title\">\n\t\t<a\n\t\thref=\"https:\/\/feeltourismexperiences.com\/es\/investments\/alberto-alvarez\/\"\n\t\t\t>\n\tAlberto \u00c1lvarez<\/a><\/h5>\n\n<div class=\"vp-portfolio__item-meta-excerpt\">\n\t<div>\n\t\t<p>Medell\u00edn<br \/>\nwww.albertoalvarez.com<\/p>\n\t<\/div>\n<\/div>\n\t\t<\/div>\n\t<\/figcaption>\n\t\t\t<\/figure>\n\t\t\t\t\t<\/article>\n\t\t\n<\/div>\n\t\t<\/div>\n\t\t\t\t<div class=\"vp-portfolio__layout-elements vp-portfolio__layout-elements-bottom vp-portfolio__layout-elements-align-center\">\n\t\t\t\t<div class=\"vp-portfolio__pagination-wrap\">\n\t\t\n<div class=\"vp-pagination vp-pagination__no-more vp-pagination__style-minimal\" data-vp-pagination-type=\"infinite\">\n\t<div class=\"vp-pagination__item\">\n\t\t<a class=\"vp-pagination__load-more\" href=\"\">\n\t\t\t<span>Load More<\/span>\n\t\t\t<span class=\"vp-pagination__load-more-loading\"><span class=\"vp-spinner\"><\/span><span class=\"vp-screen-reader-text\"> Loading More...<\/span><\/span>\n\t\t\t<span class=\"vp-pagination__load-more-no-more\"><\/span>\n\t\t<\/a>\n\t<\/div>\n<\/div>\n\t\t<\/div>\n\t\t\t\t<\/div>\n\t\t\n<\/div>\n\t\t\t\t\t<\/div>\n\t\t\t\t\t\t<\/div>\n\t\t\t\t<\/div>\n\t\t\t\t\t<\/div>\n\t\t\t\t<\/div>\n\t\t\t\t<\/div>\n\t\t","protected":false},"excerpt":{"rendered":"<p>Explora nuestra categor\u00eda de inversiones en Colombia, donde el crecimiento financiero se encuentra con oportunidades s\u00f3lidas. Desde inversiones tradicionales hasta oportunidades emergentes, cada alternativa est\u00e1 dise\u00f1ada para potenciar tu cartera.<\/p>\n","protected":false},"author":1,"featured_media":17048,"parent":18560,"menu_order":0,"comment_status":"closed","ping_status":"closed","template":"template-blank.php","meta":{"_vp_format_video_url":"","_vp_image_focal_point":[],"_joinchat":[],"footnotes":""},"class_list":["post-18586","page","type-page","status-publish","has-post-thumbnail","hentry"],"_links":{"self":[{"href":"https:\/\/feeltourismexperiences.com\/es\/wp-json\/wp\/v2\/pages\/18586","targetHints":{"allow":["GET"]}}],"collection":[{"href":"https:\/\/feeltourismexperiences.com\/es\/wp-json\/wp\/v2\/pages"}],"about":[{"href":"https:\/\/feeltourismexperiences.com\/es\/wp-json\/wp\/v2\/types\/page"}],"author":[{"embeddable":true,"href":"https:\/\/feeltourismexperiences.com\/es\/wp-json\/wp\/v2\/users\/1"}],"replies":[{"embeddable":true,"href":"https:\/\/feeltourismexperiences.com\/es\/wp-json\/wp\/v2\/comments?post=18586"}],"version-history":[{"count":4,"href":"https:\/\/feeltourismexperiences.com\/es\/wp-json\/wp\/v2\/pages\/18586\/revisions"}],"predecessor-version":[{"id":18610,"href":"https:\/\/feeltourismexperiences.com\/es\/wp-json\/wp\/v2\/pages\/18586\/revisions\/18610"}],"up":[{"embeddable":true,"href":"https:\/\/feeltourismexperiences.com\/es\/wp-json\/wp\/v2\/pages\/18560"}],"wp:featuredmedia":[{"embeddable":true,"href":"https:\/\/feeltourismexperiences.com\/es\/wp-json\/wp\/v2\/media\/17048"}],"wp:attachment":[{"href":"https:\/\/feeltourismexperiences.com\/es\/wp-json\/wp\/v2\/media?parent=18586"}],"curies":[{"name":"wp","href":"https:\/\/api.w.org\/{rel}","templated":true}]}}