{"id":18587,"date":"2025-07-30T12:48:05","date_gmt":"2025-07-30T17:48:05","guid":{"rendered":"https:\/\/feeltourismexperiences.com\/?page_id=18587"},"modified":"2025-07-30T12:49:19","modified_gmt":"2025-07-30T17:49:19","slug":"vida-nocturna","status":"publish","type":"page","link":"https:\/\/feeltourismexperiences.com\/es\/guia-de-ciudad-medellin\/vida-nocturna\/","title":{"rendered":"Vida nocturna"},"content":{"rendered":"\t\t<div data-elementor-type=\"wp-page\" data-elementor-id=\"18587\" class=\"elementor elementor-18587 elementor-18159\">\n\t\t\t\t<div class=\"elementor-element elementor-element-107a385 e-flex e-con-boxed e-con e-parent\" data-id=\"107a385\" data-element_type=\"container\" data-e-type=\"container\">\n\t\t\t\t\t<div class=\"e-con-inner\">\n\t\t\t\t<div class=\"elementor-element elementor-element-e5c5d05 elementor-widget elementor-widget-heading\" data-id=\"e5c5d05\" data-element_type=\"widget\" data-e-type=\"widget\" data-widget_type=\"heading.default\">\n\t\t\t\t<div class=\"elementor-widget-container\">\n\t\t\t\t\t<h2 class=\"elementor-heading-title elementor-size-default\">Descubre nuestra vibrante categor\u00eda nocturna, donde la diversi\u00f3n sin l\u00edmites y la energ\u00eda inigualable se combinan. Desde modernas discotecas hasta acogedores bares, cada lugar est\u00e1 lleno de momentos emocionantes. Sum\u00e9rgete en un universo de m\u00fasica, c\u00f3cteles y encuentros animados para vivir noches inolvidables. \u00a1Te esperamos para crear juntos recuerdos imborrables!<\/h2>\t\t\t\t<\/div>\n\t\t\t\t<\/div>\n\t\t\t\t<div class=\"elementor-element elementor-element-af0f138 elementor-widget__width-inherit elementor-widget elementor-widget-visual-portfolio\" data-id=\"af0f138\" data-element_type=\"widget\" data-e-type=\"widget\" data-widget_type=\"visual-portfolio.default\">\n\t\t\t\t<div class=\"elementor-widget-container\">\n\t\t\t\t\t\t\t<div\n\t\t\t\t\t>\n\t\t\t\t\t\t\t\n<div class=\"vp-portfolio vp-uid-fb5ecf37 vp-id-17976 \"\n\tdata-vp-layout=\"tiles\" data-vp-content-source=\"post-based\" data-vp-items-style=\"default\" data-vp-items-click-action=\"url\" data-vp-items-gap=\"15\" data-vp-items-gap-vertical=\"60\" data-vp-pagination=\"infinite\" data-vp-next-page-url=\"https:\/\/feeltourismexperiences.com\/es\/wp-json\/wp\/v2\/pages\/18587?vp_page=2\" data-vp-tiles-type=\"3|1,0.8|\" >\n\t<div class=\"vp-portfolio__preloader-wrap\">\n\t\t<div class=\"vp-portfolio__preloader\">\n\t\t\t<img decoding=\"async\" loading=\"eager\" src=\"https:\/\/feeltourismexperiences.com\/wp-content\/plugins\/visual-portfolio\/assets\/images\/logo-dark.svg\" alt=\"Visual Portfolio, Posts &amp; Image Gallery para WordPress\" width=\"20\" height=\"20\" data-skip-lazy>\n\t\t<\/div>\n\t<\/div>\n\t\t<div class=\"vp-portfolio__layout-elements vp-portfolio__layout-elements-top vp-portfolio__layout-elements-align-center\">\n\t\t\t\t<div class=\"vp-portfolio__filter-wrap\">\n\t\t\n<div class=\"vp-filter vp-filter__style-minimal\">\n\t\t\t<div class=\"vp-filter__item vp-filter__item-active\">\n\t\t\t<a href=\"https:\/\/feeltourismexperiences.com\/es\/wp-json\/wp\/v2\/pages\/18587\" data-vp-filter=\"*\">\n\t\t\t\tTodos\n\t\t\t\t\t\t\t<\/a>\n\t\t<\/div>\n\t\t\t\t<div class=\"vp-filter__item\">\n\t\t\t<a href=\"https:\/\/feeltourismexperiences.com\/es\/wp-json\/wp\/v2\/pages\/18587?vp_filter=nightlife_styles%3Abar-es\" data-vp-filter=\"bar-es\">\n\t\t\t\tBar\n\t\t\t\t\t\t\t<\/a>\n\t\t<\/div>\n\t\t\t\t<div class=\"vp-filter__item\">\n\t\t\t<a href=\"https:\/\/feeltourismexperiences.com\/es\/wp-json\/wp\/v2\/pages\/18587?vp_filter=nightlife_styles%3Acasino-es\" data-vp-filter=\"casino-es\">\n\t\t\t\tCasino\n\t\t\t\t\t\t\t<\/a>\n\t\t<\/div>\n\t\t\t\t<div class=\"vp-filter__item\">\n\t\t\t<a href=\"https:\/\/feeltourismexperiences.com\/es\/wp-json\/wp\/v2\/pages\/18587?vp_filter=nightlife_styles%3Adiscoteca\" data-vp-filter=\"discoteca\">\n\t\t\t\tDiscoteca\n\t\t\t\t\t\t\t<\/a>\n\t\t<\/div>\n\t\t\t\t<div class=\"vp-filter__item\">\n\t\t\t<a href=\"https:\/\/feeltourismexperiences.com\/es\/wp-json\/wp\/v2\/pages\/18587?vp_filter=nightlife_styles%3Arooftop-es\" data-vp-filter=\"rooftop-es\">\n\t\t\t\tRooftop\n\t\t\t\t\t\t\t<\/a>\n\t\t<\/div>\n\t\t<\/div>\n\t\t<\/div>\n\t\t\t\t<\/div>\n\t\t\t\t<div class=\"vp-portfolio__items-wrap\">\n\t\t\t\n<div class=\"vp-portfolio__items vp-portfolio__items-style-default vp-portfolio__items-show-overlay-hover\">\n\n\t\t<article\t\tclass=\"vp-portfolio__item-wrap post-18808 nightlife type-nightlife status-publish format-standard has-post-thumbnail hentry nightlife_styles-discoteca location-medellin-es vp-portfolio__item-uid-6331ac05\" data-vp-filter=\"discoteca\" \t\t>\n\t\t\t\t\t\t\t\t\t<figure class=\"vp-portfolio__item\">\n\t\t\t\t\n<div class=\"vp-portfolio__item-img-wrap\">\n\t<div class=\"vp-portfolio__item-img\">\n\t\t\t<a\n\t\thref=\"https:\/\/feeltourismexperiences.com\/es\/nightlife\/perro-negro\/\"\n\t\taria-label=\"Perro Negro\" \t>\n\t\n\t\t<img fetchpriority=\"high\" decoding=\"async\" width=\"1200\" height=\"1000\" src=\"https:\/\/feeltourismexperiences.com\/wp-content\/uploads\/2025\/07\/Perro-Negro_XnConvert-1-1200x1000.webp\" class=\"wp-image-18807\" alt=\"\" \/>\n\t\t<div class=\"vp-portfolio__item-overlay\">\n\t\t\t\t\t<\/div>\n\n\t\t<\/a>\t<\/div>\n<\/div>\n\n\t<figcaption class=\"vp-portfolio__item-caption vp-portfolio__item-caption-text-align-center\">\n\t\t<div class=\"vp-portfolio__item-meta\">\n\t\t\t\n<h5 class=\"vp-portfolio__item-meta-title\">\n\t\t<a\n\t\thref=\"https:\/\/feeltourismexperiences.com\/es\/nightlife\/perro-negro\/\"\n\t\t\t>\n\tPerro Negro<\/a><\/h5>\n\n<div class=\"vp-portfolio__item-meta-excerpt\">\n\t<div>\n\t\t<p>Cra. 35 #7-83, El Poblado, Medell\u00edn<br \/>\nwww.clubperronegro.com<\/p>\n\t<\/div>\n<\/div>\n\t\t<\/div>\n\t<\/figcaption>\n\t\t\t<\/figure>\n\t\t\t\t\t<\/article>\n\t\t\n\t\t<article\t\tclass=\"vp-portfolio__item-wrap post-18790 nightlife type-nightlife status-publish format-standard has-post-thumbnail hentry nightlife_styles-bar-es location-medellin-es vp-portfolio__item-uid-b774d843\" data-vp-filter=\"bar-es\" \t\t>\n\t\t\t\t\t\t\t\t\t<figure class=\"vp-portfolio__item\">\n\t\t\t\t\n<div class=\"vp-portfolio__item-img-wrap\">\n\t<div class=\"vp-portfolio__item-img\">\n\t\t\t<a\n\t\thref=\"https:\/\/feeltourismexperiences.com\/es\/nightlife\/panorama\/\"\n\t\taria-label=\"Panorama\" \t>\n\t\n\t\t<img decoding=\"async\" width=\"1200\" height=\"1000\" src=\"https:\/\/feeltourismexperiences.com\/wp-content\/uploads\/2025\/07\/Panorama_XnConvert-1-1200x1000.webp\" class=\"wp-image-18789\" alt=\"\" \/>\n\t\t<div class=\"vp-portfolio__item-overlay\">\n\t\t\t\t\t<\/div>\n\n\t\t<\/a>\t<\/div>\n<\/div>\n\n\t<figcaption class=\"vp-portfolio__item-caption vp-portfolio__item-caption-text-align-center\">\n\t\t<div class=\"vp-portfolio__item-meta\">\n\t\t\t\n<h5 class=\"vp-portfolio__item-meta-title\">\n\t\t<a\n\t\thref=\"https:\/\/feeltourismexperiences.com\/es\/nightlife\/panorama\/\"\n\t\t\t>\n\tPanorama<\/a><\/h5>\n\n<div class=\"vp-portfolio__item-meta-excerpt\">\n\t<div>\n\t\t<p>Calle 8 # 34-33 Provenza, Medell\u00edn<br \/>\n@panoramarooftopbar<\/p>\n\t<\/div>\n<\/div>\n\t\t<\/div>\n\t<\/figcaption>\n\t\t\t<\/figure>\n\t\t\t\t\t<\/article>\n\t\t\n\t\t<article\t\tclass=\"vp-portfolio__item-wrap post-18802 nightlife type-nightlife status-publish format-standard has-post-thumbnail hentry nightlife_styles-discoteca location-medellin-es vp-portfolio__item-uid-83e4451b\" data-vp-filter=\"discoteca\" \t\t>\n\t\t\t\t\t\t\t\t\t<figure class=\"vp-portfolio__item\">\n\t\t\t\t\n<div class=\"vp-portfolio__item-img-wrap\">\n\t<div class=\"vp-portfolio__item-img\">\n\t\t\t<a\n\t\thref=\"https:\/\/feeltourismexperiences.com\/es\/nightlife\/neutro\/\"\n\t\taria-label=\"Neutro\" \t>\n\t\n\t\t<img decoding=\"async\" width=\"1200\" height=\"1000\" src=\"https:\/\/feeltourismexperiences.com\/wp-content\/uploads\/2025\/07\/Neutro_XnConvert-1-1200x1000.webp\" class=\"wp-image-18801\" alt=\"\" \/>\n\t\t<div class=\"vp-portfolio__item-overlay\">\n\t\t\t\t\t<\/div>\n\n\t\t<\/a>\t<\/div>\n<\/div>\n\n\t<figcaption class=\"vp-portfolio__item-caption vp-portfolio__item-caption-text-align-center\">\n\t\t<div class=\"vp-portfolio__item-meta\">\n\t\t\t\n<h5 class=\"vp-portfolio__item-meta-title\">\n\t\t<a\n\t\thref=\"https:\/\/feeltourismexperiences.com\/es\/nightlife\/neutro\/\"\n\t\t\t>\n\tNeutro<\/a><\/h5>\n\n<div class=\"vp-portfolio__item-meta-excerpt\">\n\t<div>\n\t\t<p>Calle 8 #34-33, Medell\u00edn<br \/>\n@neutro.bar<\/p>\n\t<\/div>\n<\/div>\n\t\t<\/div>\n\t<\/figcaption>\n\t\t\t<\/figure>\n\t\t\t\t\t<\/article>\n\t\t\n\t\t<article\t\tclass=\"vp-portfolio__item-wrap post-18777 nightlife type-nightlife status-publish format-standard has-post-thumbnail hentry nightlife_styles-rooftop-es location-medellin-es vp-portfolio__item-uid-b793606e\" data-vp-filter=\"rooftop-es\" \t\t>\n\t\t\t\t\t\t\t\t\t<figure class=\"vp-portfolio__item\">\n\t\t\t\t\n<div class=\"vp-portfolio__item-img-wrap\">\n\t<div class=\"vp-portfolio__item-img\">\n\t\t\t<a\n\t\thref=\"https:\/\/feeltourismexperiences.com\/es\/nightlife\/mosquito\/\"\n\t\taria-label=\"Mosquito\" \t>\n\t\n\t\t<img loading=\"lazy\" decoding=\"async\" width=\"1200\" height=\"1000\" src=\"https:\/\/feeltourismexperiences.com\/wp-content\/uploads\/2025\/07\/Mosquito_XnConvert-1-1200x1000.webp\" class=\"wp-image-18776\" alt=\"\" \/>\n\t\t<div class=\"vp-portfolio__item-overlay\">\n\t\t\t\t\t<\/div>\n\n\t\t<\/a>\t<\/div>\n<\/div>\n\n\t<figcaption class=\"vp-portfolio__item-caption vp-portfolio__item-caption-text-align-center\">\n\t\t<div class=\"vp-portfolio__item-meta\">\n\t\t\t\n<h5 class=\"vp-portfolio__item-meta-title\">\n\t\t<a\n\t\thref=\"https:\/\/feeltourismexperiences.com\/es\/nightlife\/mosquito\/\"\n\t\t\t>\n\tMosquito<\/a><\/h5>\n\n<div class=\"vp-portfolio__item-meta-excerpt\">\n\t<div>\n\t\t<p>Cl 10A #40 - 19, El Poblado, Medell\u00edn<br \/>\nwww.menupp.co<\/p>\n\t<\/div>\n<\/div>\n\t\t<\/div>\n\t<\/figcaption>\n\t\t\t<\/figure>\n\t\t\t\t\t<\/article>\n\t\t\n\t\t<article\t\tclass=\"vp-portfolio__item-wrap post-18787 nightlife type-nightlife status-publish format-standard has-post-thumbnail hentry nightlife_styles-bar-es location-medellin-es vp-portfolio__item-uid-300b7ca1\" data-vp-filter=\"bar-es\" \t\t>\n\t\t\t\t\t\t\t\t\t<figure class=\"vp-portfolio__item\">\n\t\t\t\t\n<div class=\"vp-portfolio__item-img-wrap\">\n\t<div class=\"vp-portfolio__item-img\">\n\t\t\t<a\n\t\thref=\"https:\/\/feeltourismexperiences.com\/es\/nightlife\/mistico-bar\/\"\n\t\taria-label=\"M\u00edstico Bar\" \t>\n\t\n\t\t<img loading=\"lazy\" decoding=\"async\" width=\"1200\" height=\"1000\" src=\"https:\/\/feeltourismexperiences.com\/wp-content\/uploads\/2025\/07\/Mistico-Bar_XnConvert-1-1200x1000.webp\" class=\"wp-image-18786\" alt=\"\" \/>\n\t\t<div class=\"vp-portfolio__item-overlay\">\n\t\t\t\t\t<\/div>\n\n\t\t<\/a>\t<\/div>\n<\/div>\n\n\t<figcaption class=\"vp-portfolio__item-caption vp-portfolio__item-caption-text-align-center\">\n\t\t<div class=\"vp-portfolio__item-meta\">\n\t\t\t\n<h5 class=\"vp-portfolio__item-meta-title\">\n\t\t<a\n\t\thref=\"https:\/\/feeltourismexperiences.com\/es\/nightlife\/mistico-bar\/\"\n\t\t\t>\n\tM\u00edstico Bar<\/a><\/h5>\n\n<div class=\"vp-portfolio__item-meta-excerpt\">\n\t<div>\n\t\t<p>Sunset CC El Tesoro \u2022 M\u00f3dulo 7<br \/>\n@misticobares<\/p>\n\t<\/div>\n<\/div>\n\t\t<\/div>\n\t<\/figcaption>\n\t\t\t<\/figure>\n\t\t\t\t\t<\/article>\n\t\t\n\t\t<article\t\tclass=\"vp-portfolio__item-wrap post-18770 nightlife type-nightlife status-publish format-standard has-post-thumbnail hentry nightlife_styles-rooftop-es location-medellin-es vp-portfolio__item-uid-29f7f5cd\" data-vp-filter=\"rooftop-es\" \t\t>\n\t\t\t\t\t\t\t\t\t<figure class=\"vp-portfolio__item\">\n\t\t\t\t\n<div class=\"vp-portfolio__item-img-wrap\">\n\t<div class=\"vp-portfolio__item-img\">\n\t\t\t<a\n\t\thref=\"https:\/\/feeltourismexperiences.com\/es\/nightlife\/mamba-negra\/\"\n\t\taria-label=\"Mamba Negra\" \t>\n\t\n\t\t<img loading=\"lazy\" decoding=\"async\" width=\"1200\" height=\"1000\" src=\"https:\/\/feeltourismexperiences.com\/wp-content\/uploads\/2025\/07\/Mamba-Negra_XnConvert-1-1200x1000.webp\" class=\"wp-image-18769\" alt=\"\" \/>\n\t\t<div class=\"vp-portfolio__item-overlay\">\n\t\t\t\t\t<\/div>\n\n\t\t<\/a>\t<\/div>\n<\/div>\n\n\t<figcaption class=\"vp-portfolio__item-caption vp-portfolio__item-caption-text-align-center\">\n\t\t<div class=\"vp-portfolio__item-meta\">\n\t\t\t\n<h5 class=\"vp-portfolio__item-meta-title\">\n\t\t<a\n\t\thref=\"https:\/\/feeltourismexperiences.com\/es\/nightlife\/mamba-negra\/\"\n\t\t\t>\n\tMamba Negra<\/a><\/h5>\n\n<div class=\"vp-portfolio__item-meta-excerpt\">\n\t<div>\n\t\t<p>Calle 2 # 20 50 - piso 22, Medell\u00edn<br \/>\n@mambanegra.22<\/p>\n\t<\/div>\n<\/div>\n\t\t<\/div>\n\t<\/figcaption>\n\t\t\t<\/figure>\n\t\t\t\t\t<\/article>\n\t\t\n<\/div>\n\t\t<\/div>\n\t\t\t\t<div class=\"vp-portfolio__layout-elements vp-portfolio__layout-elements-bottom vp-portfolio__layout-elements-align-center\">\n\t\t\t\t<div class=\"vp-portfolio__pagination-wrap\">\n\t\t\n<div class=\"vp-pagination vp-pagination__style-minimal\" data-vp-pagination-type=\"infinite\">\n\t<div class=\"vp-pagination__item\">\n\t\t<a class=\"vp-pagination__load-more\" href=\"https:\/\/feeltourismexperiences.com\/es\/wp-json\/wp\/v2\/pages\/18587?vp_page=2\">\n\t\t\t<span>Load More<\/span>\n\t\t\t<span class=\"vp-pagination__load-more-loading\"><span class=\"vp-spinner\"><\/span><span class=\"vp-screen-reader-text\"> Loading More...<\/span><\/span>\n\t\t\t<span class=\"vp-pagination__load-more-no-more\"><\/span>\n\t\t<\/a>\n\t<\/div>\n<\/div>\n\t\t<\/div>\n\t\t\t\t<\/div>\n\t\t\n<\/div>\n\t\t\t\t\t<\/div>\n\t\t\t\t\t\t<\/div>\n\t\t\t\t<\/div>\n\t\t\t\t\t<\/div>\n\t\t\t\t<\/div>\n\t\t\t\t<\/div>\n\t\t","protected":false},"excerpt":{"rendered":"<p>Descubre nuestra vibrante categor\u00eda nocturna, donde la diversi\u00f3n sin l\u00edmites y la energ\u00eda inigualable se combinan. Desde modernas discotecas hasta acogedores bares, cada lugar est\u00e1 lleno de momentos emocionantes. Sum\u00e9rgete en un universo de m\u00fasica, c\u00f3cteles y encuentros animados para vivir noches inolvidables. \u00a1Te esperamos para crear juntos recuerdos imborrables!<\/p>\n","protected":false},"author":1,"featured_media":17049,"parent":18560,"menu_order":0,"comment_status":"closed","ping_status":"closed","template":"template-blank.php","meta":{"_vp_format_video_url":"","_vp_image_focal_point":[],"_joinchat":[],"footnotes":""},"class_list":["post-18587","page","type-page","status-publish","has-post-thumbnail","hentry"],"_links":{"self":[{"href":"https:\/\/feeltourismexperiences.com\/es\/wp-json\/wp\/v2\/pages\/18587","targetHints":{"allow":["GET"]}}],"collection":[{"href":"https:\/\/feeltourismexperiences.com\/es\/wp-json\/wp\/v2\/pages"}],"about":[{"href":"https:\/\/feeltourismexperiences.com\/es\/wp-json\/wp\/v2\/types\/page"}],"author":[{"embeddable":true,"href":"https:\/\/feeltourismexperiences.com\/es\/wp-json\/wp\/v2\/users\/1"}],"replies":[{"embeddable":true,"href":"https:\/\/feeltourismexperiences.com\/es\/wp-json\/wp\/v2\/comments?post=18587"}],"version-history":[{"count":4,"href":"https:\/\/feeltourismexperiences.com\/es\/wp-json\/wp\/v2\/pages\/18587\/revisions"}],"predecessor-version":[{"id":18614,"href":"https:\/\/feeltourismexperiences.com\/es\/wp-json\/wp\/v2\/pages\/18587\/revisions\/18614"}],"up":[{"embeddable":true,"href":"https:\/\/feeltourismexperiences.com\/es\/wp-json\/wp\/v2\/pages\/18560"}],"wp:featuredmedia":[{"embeddable":true,"href":"https:\/\/feeltourismexperiences.com\/es\/wp-json\/wp\/v2\/media\/17049"}],"wp:attachment":[{"href":"https:\/\/feeltourismexperiences.com\/es\/wp-json\/wp\/v2\/media?parent=18587"}],"curies":[{"name":"wp","href":"https:\/\/api.w.org\/{rel}","templated":true}]}}